{"id":2286,"date":"2022-11-17T02:31:14","date_gmt":"2022-11-17T02:31:14","guid":{"rendered":"https:\/\/mueblesitalianos.com\/site\/?post_type=product&#038;p=2286"},"modified":"2023-10-28T03:14:51","modified_gmt":"2023-10-28T03:14:51","slug":"manhattan-lamp","status":"publish","type":"product","link":"https:\/\/mueblesitalianos.com\/site\/producto\/manhattan-lamp\/","title":{"rendered":"Manhattan Lamp"},"content":{"rendered":"<p>MANHATTANdesign Gi\u00f2 Colonna Romano compre ahoraManhattan es una l\u00e1mpara de pie caracterizada por una forma de prisma irregular: gracias a su dise\u00f1o, la l\u00e1mpara de pie Manhattan gan\u00f3 el Premio HA+D 2012 en la categor\u00eda Readers&#8217; Choice Award For Product Innovation. Manhattan est\u00e1 realizada en polietileno blanco y su fuerte personalidad se debe principalmente a la atm\u00f3sfera m\u00e1gica que crea en la estancia: seg\u00fan el rinc\u00f3n en el que se mire la l\u00e1mpara de pie, da una iluminaci\u00f3n diferente.<\/p>\n","protected":false},"excerpt":{"rendered":"<p>MANHATTANdesign Gi\u00f2 Colonna Romano compre ahoraManhattan es una l\u00e1mpara de pie caracterizada por una forma de prisma irregular: gracias a su dise\u00f1o, la l\u00e1mpara de pie Manhattan gan\u00f3 el Premio HA+D 2012 en la categor\u00eda Readers&#8217; Choice Award For Product Innovation.<\/p>\n","protected":false},"featured_media":2291,"template":"","meta":{"_joinchat":[]},"product_cat":[17],"product_tag":[],"class_list":{"0":"post-2286","1":"product","2":"type-product","3":"status-publish","4":"has-post-thumbnail","6":"product_cat-slide-collection","8":"first","9":"instock","10":"shipping-taxable","11":"purchasable","12":"product-type-simple"},"aioseo_notices":[],"_links":{"self":[{"href":"https:\/\/mueblesitalianos.com\/site\/wp-json\/wp\/v2\/product\/2286","targetHints":{"allow":["GET"]}}],"collection":[{"href":"https:\/\/mueblesitalianos.com\/site\/wp-json\/wp\/v2\/product"}],"about":[{"href":"https:\/\/mueblesitalianos.com\/site\/wp-json\/wp\/v2\/types\/product"}],"wp:featuredmedia":[{"embeddable":true,"href":"https:\/\/mueblesitalianos.com\/site\/wp-json\/wp\/v2\/media\/2291"}],"wp:attachment":[{"href":"https:\/\/mueblesitalianos.com\/site\/wp-json\/wp\/v2\/media?parent=2286"}],"wp:term":[{"taxonomy":"product_cat","embeddable":true,"href":"https:\/\/mueblesitalianos.com\/site\/wp-json\/wp\/v2\/product_cat?post=2286"},{"taxonomy":"product_tag","embeddable":true,"href":"https:\/\/mueblesitalianos.com\/site\/wp-json\/wp\/v2\/product_tag?post=2286"}],"curies":[{"name":"wp","href":"https:\/\/api.w.org\/{rel}","templated":true}]}}