{"id":2293,"date":"2022-11-17T17:04:21","date_gmt":"2022-11-17T17:04:21","guid":{"rendered":"https:\/\/mueblesitalianos.com\/site\/?post_type=product&#038;p=2293"},"modified":"2023-11-04T15:01:12","modified_gmt":"2023-11-04T15:01:12","slug":"ambrogio-table","status":"publish","type":"product","link":"https:\/\/mueblesitalianos.com\/site\/producto\/ambrogio-table\/","title":{"rendered":"Ambrogio Table"},"content":{"rendered":"<p>Ambrogio es el mayordomo m\u00e1s vers\u00e1til, colorido y verde que jam\u00e1s haya conocido. Ambrogio es la mesa de servicio ideal para proyectos residenciales, escaparates, tienda o cualquier ambiente que necesite un ayudante dispuesto a apoyar en todo lo que desees. Franceso Favaretto rinde homenaje a los bigotes de su padre cuando cre\u00f3 Ambrogio.<\/p>\n<p>COLORES. AGUACATE VERDE \/ COCO<br \/>\nGRIS \/ AZUL UVAS\/ CIRUELA<br \/>\nMORADO \/ NEGRO JET \/ AZAFR\u00c1N<br \/>\nAMARILLO\/ FUCSIA DULCE \/<br \/>\nGRIS ELEFANTE<\/p>\n","protected":false},"excerpt":{"rendered":"<p>Ambrogio es el mayordomo m\u00e1s vers\u00e1til, colorido y verde que jam\u00e1s haya conocido.<\/p>\n","protected":false},"featured_media":2298,"template":"","meta":{"_joinchat":[]},"product_cat":[17],"product_tag":[],"class_list":{"0":"post-2293","1":"product","2":"type-product","3":"status-publish","4":"has-post-thumbnail","6":"product_cat-slide-collection","7":"pa_color-blue","8":"pa_color-brown","9":"pa_color-chocolate-brown","10":"pa_color-dove-grey","11":"pa_color-elephant-grey","12":"pa_color-flame-red","13":"pa_color-grey","14":"pa_color-jetblack","15":"pa_color-lighting","16":"pa_color-lime-green","17":"pa_color-malva-green","18":"pa_color-milky-white","19":"pa_color-powder-blue","20":"pa_color-pumpkin-orange","21":"pa_color-saffron-yellow","22":"pa_color-sweet-fuchsia","24":"first","25":"instock","26":"shipping-taxable","27":"purchasable","28":"product-type-simple"},"aioseo_notices":[],"_links":{"self":[{"href":"https:\/\/mueblesitalianos.com\/site\/wp-json\/wp\/v2\/product\/2293","targetHints":{"allow":["GET"]}}],"collection":[{"href":"https:\/\/mueblesitalianos.com\/site\/wp-json\/wp\/v2\/product"}],"about":[{"href":"https:\/\/mueblesitalianos.com\/site\/wp-json\/wp\/v2\/types\/product"}],"wp:featuredmedia":[{"embeddable":true,"href":"https:\/\/mueblesitalianos.com\/site\/wp-json\/wp\/v2\/media\/2298"}],"wp:attachment":[{"href":"https:\/\/mueblesitalianos.com\/site\/wp-json\/wp\/v2\/media?parent=2293"}],"wp:term":[{"taxonomy":"product_cat","embeddable":true,"href":"https:\/\/mueblesitalianos.com\/site\/wp-json\/wp\/v2\/product_cat?post=2293"},{"taxonomy":"product_tag","embeddable":true,"href":"https:\/\/mueblesitalianos.com\/site\/wp-json\/wp\/v2\/product_tag?post=2293"}],"curies":[{"name":"wp","href":"https:\/\/api.w.org\/{rel}","templated":true}]}}