{"id":2300,"date":"2022-11-17T02:47:50","date_gmt":"2022-11-17T02:47:50","guid":{"rendered":"https:\/\/mueblesitalianos.com\/site\/?post_type=product&#038;p=2300"},"modified":"2023-10-28T03:15:32","modified_gmt":"2023-10-28T03:15:32","slug":"amelie-duetto-seat","status":"publish","type":"product","link":"https:\/\/mueblesitalianos.com\/site\/producto\/amelie-duetto-seat\/","title":{"rendered":"Amelie Duetto Seat"},"content":{"rendered":"<p>Italo Pertichini presenta Am\u00e9lie Duetto, un sof\u00e1 que pertenece a Am\u00e9lie Collection. El sof\u00e1 de dos plazas Am\u00e9lie Duetto es apilable como toda la colecci\u00f3n. Gracias a su forma c\u00f3nica, el sof\u00e1 es un hermoso objeto de dise\u00f1o, pero tambi\u00e9n puede resolver problemas de espacio. Esta caracter\u00edstica permite que el sof\u00e1 sea m\u00e1s usable y vers\u00e1til. Am\u00e9lie Duetto es adecuada tanto para entornos dom\u00e9sticos como para grandes espacios p\u00fablicos.<\/p>\n","protected":false},"excerpt":{"rendered":"<p>Italo Pertichini presenta Am\u00e9lie Duetto, un sof\u00e1 que pertenece a Am\u00e9lie Collection.<\/p>\n","protected":false},"featured_media":2301,"template":"","meta":{"_joinchat":[]},"product_cat":[17],"product_tag":[],"class_list":{"0":"post-2300","1":"product","2":"type-product","3":"status-publish","4":"has-post-thumbnail","6":"product_cat-slide-collection","8":"first","9":"instock","10":"shipping-taxable","11":"purchasable","12":"product-type-simple"},"aioseo_notices":[],"_links":{"self":[{"href":"https:\/\/mueblesitalianos.com\/site\/wp-json\/wp\/v2\/product\/2300","targetHints":{"allow":["GET"]}}],"collection":[{"href":"https:\/\/mueblesitalianos.com\/site\/wp-json\/wp\/v2\/product"}],"about":[{"href":"https:\/\/mueblesitalianos.com\/site\/wp-json\/wp\/v2\/types\/product"}],"wp:featuredmedia":[{"embeddable":true,"href":"https:\/\/mueblesitalianos.com\/site\/wp-json\/wp\/v2\/media\/2301"}],"wp:attachment":[{"href":"https:\/\/mueblesitalianos.com\/site\/wp-json\/wp\/v2\/media?parent=2300"}],"wp:term":[{"taxonomy":"product_cat","embeddable":true,"href":"https:\/\/mueblesitalianos.com\/site\/wp-json\/wp\/v2\/product_cat?post=2300"},{"taxonomy":"product_tag","embeddable":true,"href":"https:\/\/mueblesitalianos.com\/site\/wp-json\/wp\/v2\/product_tag?post=2300"}],"curies":[{"name":"wp","href":"https:\/\/api.w.org\/{rel}","templated":true}]}}