{"id":2306,"date":"2022-11-17T02:54:17","date_gmt":"2022-11-17T02:54:17","guid":{"rendered":"https:\/\/mueblesitalianos.com\/site\/?post_type=product&#038;p=2306"},"modified":"2023-10-28T00:47:44","modified_gmt":"2023-10-28T00:47:44","slug":"break-bar","status":"publish","type":"product","link":"https:\/\/mueblesitalianos.com\/site\/producto\/break-bar\/","title":{"rendered":"Break Bar"},"content":{"rendered":"<p>Break Bar es una barra de bar luminosa, un sistema de exhibici\u00f3n moderno, modular y vers\u00e1til. Es ideal para usar como barra de bar o mostrador de recepci\u00f3n. Gracias a sus dimensiones, Break bar es una barra de bar \u00fatil y completa que ilumina todo tipo de espacios, incluso las peque\u00f1as superficies. Combina a la perfecci\u00f3n con los otros expositores luminosos dise\u00f1ados por Slide, como Break Line, Break Corner y Ice Bar.<\/p>\n","protected":false},"excerpt":{"rendered":"<p>Break Bar\u00a0 75X175 es una barra de bar luminosa, un sistema de exhibici\u00f3n moderno, modular y vers\u00e1til.<\/p>\n","protected":false},"featured_media":2308,"template":"","meta":{"_joinchat":[]},"product_cat":[17],"product_tag":[],"class_list":{"0":"post-2306","1":"product","2":"type-product","3":"status-publish","4":"has-post-thumbnail","6":"product_cat-slide-collection","8":"first","9":"instock","10":"shipping-taxable","11":"purchasable","12":"product-type-simple"},"aioseo_notices":[],"_links":{"self":[{"href":"https:\/\/mueblesitalianos.com\/site\/wp-json\/wp\/v2\/product\/2306","targetHints":{"allow":["GET"]}}],"collection":[{"href":"https:\/\/mueblesitalianos.com\/site\/wp-json\/wp\/v2\/product"}],"about":[{"href":"https:\/\/mueblesitalianos.com\/site\/wp-json\/wp\/v2\/types\/product"}],"wp:featuredmedia":[{"embeddable":true,"href":"https:\/\/mueblesitalianos.com\/site\/wp-json\/wp\/v2\/media\/2308"}],"wp:attachment":[{"href":"https:\/\/mueblesitalianos.com\/site\/wp-json\/wp\/v2\/media?parent=2306"}],"wp:term":[{"taxonomy":"product_cat","embeddable":true,"href":"https:\/\/mueblesitalianos.com\/site\/wp-json\/wp\/v2\/product_cat?post=2306"},{"taxonomy":"product_tag","embeddable":true,"href":"https:\/\/mueblesitalianos.com\/site\/wp-json\/wp\/v2\/product_tag?post=2306"}],"curies":[{"name":"wp","href":"https:\/\/api.w.org\/{rel}","templated":true}]}}