{"id":2309,"date":"2022-11-17T07:04:52","date_gmt":"2022-11-17T07:04:52","guid":{"rendered":"https:\/\/mueblesitalianos.com\/site\/?post_type=product&#038;p=2309"},"modified":"2023-10-27T22:41:32","modified_gmt":"2023-10-27T22:41:32","slug":"bench-amore","status":"publish","type":"product","link":"https:\/\/mueblesitalianos.com\/site\/producto\/bench-amore\/","title":{"rendered":"Bench Amore"},"content":{"rendered":"<p>El banco Amore pertenece a un proyecto inusual con la filosof\u00eda de las letras, realizado por Gi\u00f2 Colonna Romano: una palabra se convierte en un elemento de dise\u00f1o y se materializa, se convierte en un producto que puede comunicar un mensaje.<\/p>\n<p>COLORES. POLVO AZUL, ROJO, BLANCO, FUCSIA, GRIS, AMARILLO, NARANJA, VERDE<\/p>\n<div class=\"titolo_dimensione\">TAMA\u00d1O<\/div>\n<div class=\"testo_dimensione\">\n<div class=\"sottoriga_dimensioni\">\n<div class=\"col-xs-6 col-sm-6 col-md-6 col-lg-6 nopadding\">width 160 cm<\/div>\n<\/div>\n<div class=\"sottoriga_dimensioni\">\n<div class=\"col-xs-6 col-sm-6 col-md-6 col-lg-6 nopadding\">depth 70 cm<\/div>\n<\/div>\n<div class=\"sottoriga_dimensioni\">\n<div class=\"col-xs-6 col-sm-6 col-md-6 col-lg-6 nopadding\">height 46 cm<\/div>\n<\/div>\n<div class=\"sottoriga_dimensioni\">\n<div class=\"col-xs-6 col-sm-6 col-md-6 col-lg-6 nopadding\">weight 50 Kg<\/div>\n<\/div>\n<\/div>\n","protected":false},"excerpt":{"rendered":"<p>El banco Amore pertenece a un proyecto inusual con la filosof\u00eda de las letras, realizado por Gi\u00f2 Colonna Romano: una palabra se convierte en un elemento de dise\u00f1o y se materializa, se convierte en un producto que puede comunicar un mensaje.<\/p>\n","protected":false},"featured_media":2312,"template":"","meta":{"_joinchat":[]},"product_cat":[17],"product_tag":[],"class_list":{"0":"post-2309","1":"product","2":"type-product","3":"status-publish","4":"has-post-thumbnail","6":"product_cat-slide-collection","7":"pa_color-elephant-grey","8":"pa_color-flame-red","9":"pa_color-malva-green","10":"pa_color-milky-white","11":"pa_color-powder-blue","12":"pa_color-pumpkin-orange","13":"pa_color-saffron-yellow","14":"pa_color-sweet-fuchsia","16":"first","17":"instock","18":"shipping-taxable","19":"purchasable","20":"product-type-simple"},"aioseo_notices":[],"_links":{"self":[{"href":"https:\/\/mueblesitalianos.com\/site\/wp-json\/wp\/v2\/product\/2309","targetHints":{"allow":["GET"]}}],"collection":[{"href":"https:\/\/mueblesitalianos.com\/site\/wp-json\/wp\/v2\/product"}],"about":[{"href":"https:\/\/mueblesitalianos.com\/site\/wp-json\/wp\/v2\/types\/product"}],"wp:featuredmedia":[{"embeddable":true,"href":"https:\/\/mueblesitalianos.com\/site\/wp-json\/wp\/v2\/media\/2312"}],"wp:attachment":[{"href":"https:\/\/mueblesitalianos.com\/site\/wp-json\/wp\/v2\/media?parent=2309"}],"wp:term":[{"taxonomy":"product_cat","embeddable":true,"href":"https:\/\/mueblesitalianos.com\/site\/wp-json\/wp\/v2\/product_cat?post=2309"},{"taxonomy":"product_tag","embeddable":true,"href":"https:\/\/mueblesitalianos.com\/site\/wp-json\/wp\/v2\/product_tag?post=2309"}],"curies":[{"name":"wp","href":"https:\/\/api.w.org\/{rel}","templated":true}]}}