{"id":2316,"date":"2022-11-17T03:10:40","date_gmt":"2022-11-17T03:10:40","guid":{"rendered":"https:\/\/mueblesitalianos.com\/site\/?post_type=product&#038;p=2316"},"modified":"2023-10-27T22:46:52","modified_gmt":"2023-10-27T22:46:52","slug":"koko-table-lamp","status":"publish","type":"product","link":"https:\/\/mueblesitalianos.com\/site\/producto\/koko-table-lamp\/","title":{"rendered":"Koko Table Lamp"},"content":{"rendered":"<p>Kok\u00f2 es un ping\u00fcino lindo y luminoso, nacido de la asombrosa creatividad de Gi\u00f2 Colonna Romano. Cada vez que se toca, Kok\u00f2 se balancea e imita el paso de un ping\u00fcino. Kok\u00f2 est\u00e1 disponible en muchos colores diferentes y es ideal para dar un toque luminoso en todo tipo de ambientes, privados y contract.<\/p>\n","protected":false},"excerpt":{"rendered":"<p>Kok\u00f2 es un ping\u00fcino lindo y luminoso, nacido de la asombrosa creatividad de Gi\u00f2 Colonna Romano.<\/p>\n","protected":false},"featured_media":2318,"template":"","meta":{"_joinchat":[]},"product_cat":[17],"product_tag":[],"class_list":{"0":"post-2316","1":"product","2":"type-product","3":"status-publish","4":"has-post-thumbnail","6":"product_cat-slide-collection","7":"pa_color-white","9":"first","10":"instock","11":"shipping-taxable","12":"purchasable","13":"product-type-simple"},"aioseo_notices":[],"_links":{"self":[{"href":"https:\/\/mueblesitalianos.com\/site\/wp-json\/wp\/v2\/product\/2316","targetHints":{"allow":["GET"]}}],"collection":[{"href":"https:\/\/mueblesitalianos.com\/site\/wp-json\/wp\/v2\/product"}],"about":[{"href":"https:\/\/mueblesitalianos.com\/site\/wp-json\/wp\/v2\/types\/product"}],"wp:featuredmedia":[{"embeddable":true,"href":"https:\/\/mueblesitalianos.com\/site\/wp-json\/wp\/v2\/media\/2318"}],"wp:attachment":[{"href":"https:\/\/mueblesitalianos.com\/site\/wp-json\/wp\/v2\/media?parent=2316"}],"wp:term":[{"taxonomy":"product_cat","embeddable":true,"href":"https:\/\/mueblesitalianos.com\/site\/wp-json\/wp\/v2\/product_cat?post=2316"},{"taxonomy":"product_tag","embeddable":true,"href":"https:\/\/mueblesitalianos.com\/site\/wp-json\/wp\/v2\/product_tag?post=2316"}],"curies":[{"name":"wp","href":"https:\/\/api.w.org\/{rel}","templated":true}]}}