{"id":2328,"date":"2022-11-17T03:26:53","date_gmt":"2022-11-17T03:26:53","guid":{"rendered":"https:\/\/mueblesitalianos.com\/site\/?post_type=product&#038;p=2328"},"modified":"2023-01-24T15:12:48","modified_gmt":"2023-01-24T15:12:48","slug":"low-lita-love-2","status":"publish","type":"product","link":"https:\/\/mueblesitalianos.com\/site\/producto\/low-lita-love-2\/","title":{"rendered":"Low Lita Love"},"content":{"rendered":"<p>Para celebrar el cumplea\u00f1os del primer producto ic\u00f3nico de la colecci\u00f3n, Low Lita Love se viste con la textura especial en blanco y negro, creada por Paola Navone para esta ocasi\u00f3n especial.<\/p>\n","protected":false},"excerpt":{"rendered":"<p>Para celebrar el cumplea\u00f1os del primer producto ic\u00f3nico de la colecci\u00f3n, Low Lita Love se viste con la textura especial en blanco y negro, creada por Paola Navone para esta ocasi\u00f3n especial.<\/p>\n","protected":false},"featured_media":2329,"template":"","meta":{"_joinchat":[]},"product_cat":[17],"product_tag":[],"class_list":{"0":"post-2328","1":"product","2":"type-product","3":"status-publish","4":"has-post-thumbnail","6":"product_cat-slide-collection","8":"first","9":"outofstock","10":"shipping-taxable","11":"purchasable","12":"product-type-simple"},"aioseo_notices":[],"_links":{"self":[{"href":"https:\/\/mueblesitalianos.com\/site\/wp-json\/wp\/v2\/product\/2328","targetHints":{"allow":["GET"]}}],"collection":[{"href":"https:\/\/mueblesitalianos.com\/site\/wp-json\/wp\/v2\/product"}],"about":[{"href":"https:\/\/mueblesitalianos.com\/site\/wp-json\/wp\/v2\/types\/product"}],"wp:featuredmedia":[{"embeddable":true,"href":"https:\/\/mueblesitalianos.com\/site\/wp-json\/wp\/v2\/media\/2329"}],"wp:attachment":[{"href":"https:\/\/mueblesitalianos.com\/site\/wp-json\/wp\/v2\/media?parent=2328"}],"wp:term":[{"taxonomy":"product_cat","embeddable":true,"href":"https:\/\/mueblesitalianos.com\/site\/wp-json\/wp\/v2\/product_cat?post=2328"},{"taxonomy":"product_tag","embeddable":true,"href":"https:\/\/mueblesitalianos.com\/site\/wp-json\/wp\/v2\/product_tag?post=2328"}],"curies":[{"name":"wp","href":"https:\/\/api.w.org\/{rel}","templated":true}]}}