{"id":2332,"date":"2022-11-17T03:29:06","date_gmt":"2022-11-17T03:29:06","guid":{"rendered":"https:\/\/mueblesitalianos.com\/site\/?post_type=product&#038;p=2332"},"modified":"2023-10-27T23:48:58","modified_gmt":"2023-10-27T23:48:58","slug":"low-lita-anniversary-table","status":"publish","type":"product","link":"https:\/\/mueblesitalianos.com\/site\/producto\/low-lita-anniversary-table\/","title":{"rendered":"Low Lita Anniversary table"},"content":{"rendered":"<p>Mesa Low Lita Aniversario pertenece a la colecci\u00f3n dedicada a la edici\u00f3n especial Low Lita Aniversario. Como la silla baja Low Lita Anniversary y el sof\u00e1 bajo Low Lita Love Anniversary, Low Lita Table Anniversary se realiza en la particular textura en blanco y negro: cada producto es irrepetible, gracias a un proceso de producci\u00f3n \u00fanico.<\/p>\n","protected":false},"excerpt":{"rendered":"<p>Mesa Low Lita Aniversario pertenece a la colecci\u00f3n dedicada a la edici\u00f3n especial Low Lita Aniversario.<\/p>\n","protected":false},"featured_media":2324,"template":"","meta":{"_joinchat":[]},"product_cat":[17],"product_tag":[],"class_list":{"0":"post-2332","1":"product","2":"type-product","3":"status-publish","4":"has-post-thumbnail","6":"product_cat-slide-collection","8":"first","9":"instock","10":"shipping-taxable","11":"purchasable","12":"product-type-simple"},"aioseo_notices":[],"_links":{"self":[{"href":"https:\/\/mueblesitalianos.com\/site\/wp-json\/wp\/v2\/product\/2332","targetHints":{"allow":["GET"]}}],"collection":[{"href":"https:\/\/mueblesitalianos.com\/site\/wp-json\/wp\/v2\/product"}],"about":[{"href":"https:\/\/mueblesitalianos.com\/site\/wp-json\/wp\/v2\/types\/product"}],"wp:featuredmedia":[{"embeddable":true,"href":"https:\/\/mueblesitalianos.com\/site\/wp-json\/wp\/v2\/media\/2324"}],"wp:attachment":[{"href":"https:\/\/mueblesitalianos.com\/site\/wp-json\/wp\/v2\/media?parent=2332"}],"wp:term":[{"taxonomy":"product_cat","embeddable":true,"href":"https:\/\/mueblesitalianos.com\/site\/wp-json\/wp\/v2\/product_cat?post=2332"},{"taxonomy":"product_tag","embeddable":true,"href":"https:\/\/mueblesitalianos.com\/site\/wp-json\/wp\/v2\/product_tag?post=2332"}],"curies":[{"name":"wp","href":"https:\/\/api.w.org\/{rel}","templated":true}]}}