{"id":2333,"date":"2022-11-17T03:52:08","date_gmt":"2022-11-17T03:52:08","guid":{"rendered":"https:\/\/mueblesitalianos.com\/site\/?post_type=product&#038;p=2333"},"modified":"2023-10-27T23:52:41","modified_gmt":"2023-10-27T23:52:41","slug":"low-lita","status":"publish","type":"product","link":"https:\/\/mueblesitalianos.com\/site\/producto\/low-lita\/","title":{"rendered":"Low Lita Large"},"content":{"rendered":"<p>Creado por la famosa dise\u00f1adora italiana Paola Navone, el sill\u00f3n Low Lita se convierte inmediatamente en uno de los productos m\u00e1s populares de toda la producci\u00f3n Slide.<\/p>\n","protected":false},"excerpt":{"rendered":"<p>Creado por la famosa dise\u00f1adora italiana Paola Navone, el sill\u00f3n Low Lita se convierte inmediatamente en uno de los productos m\u00e1s populares de toda la producci\u00f3n Slide.<\/p>\n","protected":false},"featured_media":2335,"template":"","meta":{"_joinchat":[]},"product_cat":[17],"product_tag":[],"class_list":{"0":"post-2333","1":"product","2":"type-product","3":"status-publish","4":"has-post-thumbnail","6":"product_cat-slide-collection","7":"pa_color-yellow","9":"first","10":"instock","11":"shipping-taxable","12":"purchasable","13":"product-type-simple"},"aioseo_notices":[],"_links":{"self":[{"href":"https:\/\/mueblesitalianos.com\/site\/wp-json\/wp\/v2\/product\/2333","targetHints":{"allow":["GET"]}}],"collection":[{"href":"https:\/\/mueblesitalianos.com\/site\/wp-json\/wp\/v2\/product"}],"about":[{"href":"https:\/\/mueblesitalianos.com\/site\/wp-json\/wp\/v2\/types\/product"}],"wp:featuredmedia":[{"embeddable":true,"href":"https:\/\/mueblesitalianos.com\/site\/wp-json\/wp\/v2\/media\/2335"}],"wp:attachment":[{"href":"https:\/\/mueblesitalianos.com\/site\/wp-json\/wp\/v2\/media?parent=2333"}],"wp:term":[{"taxonomy":"product_cat","embeddable":true,"href":"https:\/\/mueblesitalianos.com\/site\/wp-json\/wp\/v2\/product_cat?post=2333"},{"taxonomy":"product_tag","embeddable":true,"href":"https:\/\/mueblesitalianos.com\/site\/wp-json\/wp\/v2\/product_tag?post=2333"}],"curies":[{"name":"wp","href":"https:\/\/api.w.org\/{rel}","templated":true}]}}