{"id":2336,"date":"2022-11-17T03:57:53","date_gmt":"2022-11-17T03:57:53","guid":{"rendered":"https:\/\/mueblesitalianos.com\/site\/?post_type=product&#038;p=2336"},"modified":"2023-10-27T23:51:53","modified_gmt":"2023-10-27T23:51:53","slug":"low-lita-2","status":"publish","type":"product","link":"https:\/\/mueblesitalianos.com\/site\/producto\/low-lita-2\/","title":{"rendered":"Low Lita"},"content":{"rendered":"<p>Creado por la famosa dise\u00f1adora italiana Paola Navone, el sill\u00f3n Low Lita se convierte inmediatamente en uno de los productos m\u00e1s populares de toda la producci\u00f3n Slide. Low Lita est\u00e1 fabricado en polietileno con la tecnolog\u00eda de rotomoldeo y enamora a todo el mundo por su dise\u00f1o lineal y divertido.<\/p>\n","protected":false},"excerpt":{"rendered":"<p>Creado por la famosa dise\u00f1adora italiana Paola Navone, el sill\u00f3n Low Lita se convierte inmediatamente en uno de los productos m\u00e1s populares de toda la producci\u00f3n Slide.<\/p>\n","protected":false},"featured_media":2337,"template":"","meta":{"_joinchat":[]},"product_cat":[17],"product_tag":[],"class_list":{"0":"post-2336","1":"product","2":"type-product","3":"status-publish","4":"has-post-thumbnail","6":"product_cat-slide-collection","7":"pa_color-yellow","9":"first","10":"instock","11":"shipping-taxable","12":"purchasable","13":"product-type-simple"},"aioseo_notices":[],"_links":{"self":[{"href":"https:\/\/mueblesitalianos.com\/site\/wp-json\/wp\/v2\/product\/2336","targetHints":{"allow":["GET"]}}],"collection":[{"href":"https:\/\/mueblesitalianos.com\/site\/wp-json\/wp\/v2\/product"}],"about":[{"href":"https:\/\/mueblesitalianos.com\/site\/wp-json\/wp\/v2\/types\/product"}],"wp:featuredmedia":[{"embeddable":true,"href":"https:\/\/mueblesitalianos.com\/site\/wp-json\/wp\/v2\/media\/2337"}],"wp:attachment":[{"href":"https:\/\/mueblesitalianos.com\/site\/wp-json\/wp\/v2\/media?parent=2336"}],"wp:term":[{"taxonomy":"product_cat","embeddable":true,"href":"https:\/\/mueblesitalianos.com\/site\/wp-json\/wp\/v2\/product_cat?post=2336"},{"taxonomy":"product_tag","embeddable":true,"href":"https:\/\/mueblesitalianos.com\/site\/wp-json\/wp\/v2\/product_tag?post=2336"}],"curies":[{"name":"wp","href":"https:\/\/api.w.org\/{rel}","templated":true}]}}