{"id":2352,"date":"2022-11-17T04:37:55","date_gmt":"2022-11-17T04:37:55","guid":{"rendered":"https:\/\/mueblesitalianos.com\/site\/?post_type=product&#038;p=2352"},"modified":"2023-01-17T17:20:02","modified_gmt":"2023-01-17T17:20:02","slug":"jet-table","status":"publish","type":"product","link":"https:\/\/mueblesitalianos.com\/site\/producto\/jet-table\/","title":{"rendered":"Jet Table"},"content":{"rendered":"<p>Su forma sinuosa realza la silueta del taburete y se funde con ella. La parte superior est\u00e1 decorada con s\u00edmbolos que el dise\u00f1ador Gracias al 10\u00ba Aniversario del ic\u00f3nico taburete Koncord dise\u00f1ado por Karim Rashid, SLIDE crea el compa\u00f1ero perfecto para \u00e9l, la mesa alta Jet. adora.<\/p>\n","protected":false},"excerpt":{"rendered":"<p style=\"text-align: left;\">Gracias al 10\u00ba Aniversario del ic\u00f3nico taburete Koncord dise\u00f1ado por Karim Rashid, SLIDE crea el compa\u00f1ero perfecto para \u00e9l, la mesa alta Jet.<\/p>\n","protected":false},"featured_media":2354,"template":"","meta":{"_joinchat":[]},"product_cat":[17],"product_tag":[],"class_list":{"0":"post-2352","1":"product","2":"type-product","3":"status-publish","4":"has-post-thumbnail","6":"product_cat-slide-collection","7":"pa_color-white","9":"first","10":"instock","11":"shipping-taxable","12":"purchasable","13":"product-type-simple"},"aioseo_notices":[],"_links":{"self":[{"href":"https:\/\/mueblesitalianos.com\/site\/wp-json\/wp\/v2\/product\/2352","targetHints":{"allow":["GET"]}}],"collection":[{"href":"https:\/\/mueblesitalianos.com\/site\/wp-json\/wp\/v2\/product"}],"about":[{"href":"https:\/\/mueblesitalianos.com\/site\/wp-json\/wp\/v2\/types\/product"}],"wp:featuredmedia":[{"embeddable":true,"href":"https:\/\/mueblesitalianos.com\/site\/wp-json\/wp\/v2\/media\/2354"}],"wp:attachment":[{"href":"https:\/\/mueblesitalianos.com\/site\/wp-json\/wp\/v2\/media?parent=2352"}],"wp:term":[{"taxonomy":"product_cat","embeddable":true,"href":"https:\/\/mueblesitalianos.com\/site\/wp-json\/wp\/v2\/product_cat?post=2352"},{"taxonomy":"product_tag","embeddable":true,"href":"https:\/\/mueblesitalianos.com\/site\/wp-json\/wp\/v2\/product_tag?post=2352"}],"curies":[{"name":"wp","href":"https:\/\/api.w.org\/{rel}","templated":true}]}}