{"id":2355,"date":"2022-11-17T04:40:07","date_gmt":"2022-11-17T04:40:07","guid":{"rendered":"https:\/\/mueblesitalianos.com\/site\/?post_type=product&#038;p=2355"},"modified":"2023-10-28T00:11:22","modified_gmt":"2023-10-28T00:11:22","slug":"rap-sofa","status":"publish","type":"product","link":"https:\/\/mueblesitalianos.com\/site\/producto\/rap-sofa\/","title":{"rendered":"Rap Sofa"},"content":{"rendered":"<p>Karim Rashid crea Rap, un sof\u00e1 de l\u00edneas esenciales y envolventes. El sof\u00e1 love seat est\u00e1 inspirado en la filosof\u00eda del famoso dise\u00f1ador canadiense: su forma facilita la relaci\u00f3n, gracias al sinuoso respaldo. As\u00ed que Rap envuelve a las personas y crea un c\u00f3modo sof\u00e1 que evoca una sensaci\u00f3n de protecci\u00f3n y privacidad a primera vista. Rap est\u00e1 fabricado en polietileno con la tecnolog\u00eda de rotomoldeo y se puede completar con un suave coj\u00edn en tejido impermeable, que hace m\u00e1s c\u00f3modo el asiento. El sof\u00e1 Rap est\u00e1 disponible tambi\u00e9n en versi\u00f3n luminosa.<\/p>\n","protected":false},"excerpt":{"rendered":"<p>Karim Rashid crea Rap, un sof\u00e1 de l\u00edneas esenciales y envolventes. El sof\u00e1 love seat est\u00e1 inspirado en la filosof\u00eda del famoso dise\u00f1ador canadiense: su forma facilita la relaci\u00f3n, gracias al sinuoso respaldo.<\/p>\n","protected":false},"featured_media":2357,"template":"","meta":{"_joinchat":[]},"product_cat":[17],"product_tag":[],"class_list":{"0":"post-2355","1":"product","2":"type-product","3":"status-publish","4":"has-post-thumbnail","6":"product_cat-slide-collection","7":"pa_color-black","8":"pa_color-blue","9":"pa_color-white","11":"first","12":"instock","13":"shipping-taxable","14":"purchasable","15":"product-type-simple"},"aioseo_notices":[],"_links":{"self":[{"href":"https:\/\/mueblesitalianos.com\/site\/wp-json\/wp\/v2\/product\/2355","targetHints":{"allow":["GET"]}}],"collection":[{"href":"https:\/\/mueblesitalianos.com\/site\/wp-json\/wp\/v2\/product"}],"about":[{"href":"https:\/\/mueblesitalianos.com\/site\/wp-json\/wp\/v2\/types\/product"}],"wp:featuredmedia":[{"embeddable":true,"href":"https:\/\/mueblesitalianos.com\/site\/wp-json\/wp\/v2\/media\/2357"}],"wp:attachment":[{"href":"https:\/\/mueblesitalianos.com\/site\/wp-json\/wp\/v2\/media?parent=2355"}],"wp:term":[{"taxonomy":"product_cat","embeddable":true,"href":"https:\/\/mueblesitalianos.com\/site\/wp-json\/wp\/v2\/product_cat?post=2355"},{"taxonomy":"product_tag","embeddable":true,"href":"https:\/\/mueblesitalianos.com\/site\/wp-json\/wp\/v2\/product_tag?post=2355"}],"curies":[{"name":"wp","href":"https:\/\/api.w.org\/{rel}","templated":true}]}}