{"id":2366,"date":"2022-11-17T04:50:52","date_gmt":"2022-11-17T04:50:52","guid":{"rendered":"https:\/\/mueblesitalianos.com\/site\/?post_type=product&#038;p=2366"},"modified":"2023-10-28T00:14:53","modified_gmt":"2023-10-28T00:14:53","slug":"splay-slighting-display","status":"publish","type":"product","link":"https:\/\/mueblesitalianos.com\/site\/producto\/splay-slighting-display\/","title":{"rendered":"Splay Slighting Display"},"content":{"rendered":"<p>Splay es un expositor vers\u00e1til: se puede utilizar como expositor durante eventos o como escritorio durante la actividad promocional en el comercio minorista. Gracias a su amplio estante frontal, Splay te permite captar la atenci\u00f3n sobre el producto. Splay es ideal tambi\u00e9n como m\u00f3dulo de banquetes o catering durante eventos elegantes, especialmente en su modelo luminoso. La pantalla modular y luminosa Splay es creada por el ecl\u00e9ctico dise\u00f1ador Karim Rashid y se puede personalizar con logotipos e im\u00e1genes para eventos \u00fanicos.<\/p>\n","protected":false},"excerpt":{"rendered":"<p>Splay es un expositor vers\u00e1til: se puede utilizar como expositor durante eventos o como escritorio durante la actividad promocional en el comercio minorista. Gracias a su amplio estante frontal, Splay te permite captar la atenci\u00f3n sobre el producto.<\/p>\n","protected":false},"featured_media":2368,"template":"","meta":{"_joinchat":[]},"product_cat":[17],"product_tag":[],"class_list":{"0":"post-2366","1":"product","2":"type-product","3":"status-publish","4":"has-post-thumbnail","6":"product_cat-slide-collection","8":"first","9":"instock","10":"shipping-taxable","11":"purchasable","12":"product-type-simple"},"aioseo_notices":[],"_links":{"self":[{"href":"https:\/\/mueblesitalianos.com\/site\/wp-json\/wp\/v2\/product\/2366","targetHints":{"allow":["GET"]}}],"collection":[{"href":"https:\/\/mueblesitalianos.com\/site\/wp-json\/wp\/v2\/product"}],"about":[{"href":"https:\/\/mueblesitalianos.com\/site\/wp-json\/wp\/v2\/types\/product"}],"wp:featuredmedia":[{"embeddable":true,"href":"https:\/\/mueblesitalianos.com\/site\/wp-json\/wp\/v2\/media\/2368"}],"wp:attachment":[{"href":"https:\/\/mueblesitalianos.com\/site\/wp-json\/wp\/v2\/media?parent=2366"}],"wp:term":[{"taxonomy":"product_cat","embeddable":true,"href":"https:\/\/mueblesitalianos.com\/site\/wp-json\/wp\/v2\/product_cat?post=2366"},{"taxonomy":"product_tag","embeddable":true,"href":"https:\/\/mueblesitalianos.com\/site\/wp-json\/wp\/v2\/product_tag?post=2366"}],"curies":[{"name":"wp","href":"https:\/\/api.w.org\/{rel}","templated":true}]}}