{"id":2369,"date":"2022-11-17T04:55:53","date_gmt":"2022-11-17T04:55:53","guid":{"rendered":"https:\/\/mueblesitalianos.com\/site\/?post_type=product&#038;p=2369"},"modified":"2023-10-28T00:19:47","modified_gmt":"2023-10-28T00:19:47","slug":"toy-table","status":"publish","type":"product","link":"https:\/\/mueblesitalianos.com\/site\/producto\/toy-table\/","title":{"rendered":"Toy Table"},"content":{"rendered":"<p>Toy es una mesa de centro con un dise\u00f1o oriental y pop, creada por Prospero Rasulo. Fabricado en polietileno con la tecnolog\u00eda del moldeo rotacional, Toy es vers\u00e1til y funcional: es ideal para dar un toque de iron\u00eda y color en cualquier ambiente interior o exterior, tanto para contract como para viviendas particulares. Toy es la mezcla perfecta entre est\u00e9tica y funcionalidad.<\/p>\n","protected":false},"excerpt":{"rendered":"<p>Toy es una mesa de centro con un dise\u00f1o oriental y pop<\/p>\n","protected":false},"featured_media":2371,"template":"","meta":{"_joinchat":[]},"product_cat":[17],"product_tag":[],"class_list":{"0":"post-2369","1":"product","2":"type-product","3":"status-publish","4":"has-post-thumbnail","6":"product_cat-slide-collection","7":"pa_color-flame-red","8":"pa_color-malva-green","9":"pa_color-powder-blue","10":"pa_color-saffron-yellow","11":"pa_color-sweet-fuchsia","13":"first","14":"instock","15":"shipping-taxable","16":"purchasable","17":"product-type-simple"},"aioseo_notices":[],"_links":{"self":[{"href":"https:\/\/mueblesitalianos.com\/site\/wp-json\/wp\/v2\/product\/2369","targetHints":{"allow":["GET"]}}],"collection":[{"href":"https:\/\/mueblesitalianos.com\/site\/wp-json\/wp\/v2\/product"}],"about":[{"href":"https:\/\/mueblesitalianos.com\/site\/wp-json\/wp\/v2\/types\/product"}],"wp:featuredmedia":[{"embeddable":true,"href":"https:\/\/mueblesitalianos.com\/site\/wp-json\/wp\/v2\/media\/2371"}],"wp:attachment":[{"href":"https:\/\/mueblesitalianos.com\/site\/wp-json\/wp\/v2\/media?parent=2369"}],"wp:term":[{"taxonomy":"product_cat","embeddable":true,"href":"https:\/\/mueblesitalianos.com\/site\/wp-json\/wp\/v2\/product_cat?post=2369"},{"taxonomy":"product_tag","embeddable":true,"href":"https:\/\/mueblesitalianos.com\/site\/wp-json\/wp\/v2\/product_tag?post=2369"}],"curies":[{"name":"wp","href":"https:\/\/api.w.org\/{rel}","templated":true}]}}