{"id":2372,"date":"2022-11-17T04:59:36","date_gmt":"2022-11-17T04:59:36","guid":{"rendered":"https:\/\/mueblesitalianos.com\/site\/?post_type=product&#038;p=2372"},"modified":"2023-10-28T00:22:02","modified_gmt":"2023-10-28T00:22:02","slug":"gear-coffe-table","status":"publish","type":"product","link":"https:\/\/mueblesitalianos.com\/site\/producto\/gear-coffe-table\/","title":{"rendered":"Gear Coffe Table"},"content":{"rendered":"<p>GEARdesign Anastasia Ivanyuk comprar ahoraGear es una mesa de caf\u00e9 inspirada en la forma t\u00edpica de un engranaje mec\u00e1nico. Es modular: muchos Gears se pueden colocar uno encima o al lado del otro, entrelaz\u00e1ndose como un engranaje real, para crear composiciones l\u00fadicas y coloridas, convirtiendo cualquier espacio en un escenario \u00fanico. Gear es adecuado para todo tipo de espacios dom\u00e9sticos y decora ambientes al aire libre. Gear est\u00e1 disponible tambi\u00e9n en su versi\u00f3n luminosa.<\/p>\n","protected":false},"excerpt":{"rendered":"<p>GEARdesign Anastasia Ivanyuk comprar ahoraGear es una mesa de caf\u00e9 inspirada en la forma t\u00edpica de un engranaje mec\u00e1nico.<\/p>\n","protected":false},"featured_media":2374,"template":"","meta":{"_joinchat":[]},"product_cat":[17],"product_tag":[],"class_list":{"0":"post-2372","1":"product","2":"type-product","3":"status-publish","4":"has-post-thumbnail","6":"product_cat-slide-collection","7":"pa_color-flame-red","8":"pa_color-jetblack","9":"pa_color-pumpkin-orange","10":"pa_color-saffron-yellow","12":"first","13":"instock","14":"shipping-taxable","15":"purchasable","16":"product-type-simple"},"aioseo_notices":[],"_links":{"self":[{"href":"https:\/\/mueblesitalianos.com\/site\/wp-json\/wp\/v2\/product\/2372","targetHints":{"allow":["GET"]}}],"collection":[{"href":"https:\/\/mueblesitalianos.com\/site\/wp-json\/wp\/v2\/product"}],"about":[{"href":"https:\/\/mueblesitalianos.com\/site\/wp-json\/wp\/v2\/types\/product"}],"wp:featuredmedia":[{"embeddable":true,"href":"https:\/\/mueblesitalianos.com\/site\/wp-json\/wp\/v2\/media\/2374"}],"wp:attachment":[{"href":"https:\/\/mueblesitalianos.com\/site\/wp-json\/wp\/v2\/media?parent=2372"}],"wp:term":[{"taxonomy":"product_cat","embeddable":true,"href":"https:\/\/mueblesitalianos.com\/site\/wp-json\/wp\/v2\/product_cat?post=2372"},{"taxonomy":"product_tag","embeddable":true,"href":"https:\/\/mueblesitalianos.com\/site\/wp-json\/wp\/v2\/product_tag?post=2372"}],"curies":[{"name":"wp","href":"https:\/\/api.w.org\/{rel}","templated":true}]}}