{"id":2379,"date":"2022-11-17T02:08:14","date_gmt":"2022-11-17T02:08:14","guid":{"rendered":"https:\/\/mueblesitalianos.com\/site\/?post_type=product&#038;p=2379"},"modified":"2023-01-26T12:19:10","modified_gmt":"2023-01-26T12:19:10","slug":"amanda-servant","status":"publish","type":"product","link":"https:\/\/mueblesitalianos.com\/site\/producto\/amanda-servant\/","title":{"rendered":"Amanda Servant"},"content":{"rendered":"<p>Amanda parece familiar para Francesco Favaretto: la inspiraci\u00f3n proviene del hijo de Favaretto que quer\u00eda ver casado a Ambrogio. Como Ambrogio, Amanda es sostenible: est\u00e1 fabricada con una mezcla pl\u00e1stica de polietileno y Ecoallene, un material 100 % reciclable de las cajas Tetra pack, que de lo contrario se destinan a incineradores o vertederos.<\/p>\n","protected":false},"excerpt":{"rendered":"<p>Amanda parece familiar para Francesco Favaretto: la inspiraci\u00f3n proviene del hijo de Favaretto que quer\u00eda ver casado a Ambrogio.<\/p>\n","protected":false},"featured_media":2739,"template":"","meta":{"_joinchat":[]},"product_cat":[17],"product_tag":[],"class_list":{"0":"post-2379","1":"product","2":"type-product","3":"status-publish","4":"has-post-thumbnail","6":"product_cat-slide-collection","7":"pa_color-flame-red","8":"pa_color-lighting","9":"pa_color-milky-white","10":"pa_color-saffron-yellow","12":"first","13":"instock","14":"shipping-taxable","15":"purchasable","16":"product-type-variable"},"aioseo_notices":[],"_links":{"self":[{"href":"https:\/\/mueblesitalianos.com\/site\/wp-json\/wp\/v2\/product\/2379","targetHints":{"allow":["GET"]}}],"collection":[{"href":"https:\/\/mueblesitalianos.com\/site\/wp-json\/wp\/v2\/product"}],"about":[{"href":"https:\/\/mueblesitalianos.com\/site\/wp-json\/wp\/v2\/types\/product"}],"wp:featuredmedia":[{"embeddable":true,"href":"https:\/\/mueblesitalianos.com\/site\/wp-json\/wp\/v2\/media\/2739"}],"wp:attachment":[{"href":"https:\/\/mueblesitalianos.com\/site\/wp-json\/wp\/v2\/media?parent=2379"}],"wp:term":[{"taxonomy":"product_cat","embeddable":true,"href":"https:\/\/mueblesitalianos.com\/site\/wp-json\/wp\/v2\/product_cat?post=2379"},{"taxonomy":"product_tag","embeddable":true,"href":"https:\/\/mueblesitalianos.com\/site\/wp-json\/wp\/v2\/product_tag?post=2379"}],"curies":[{"name":"wp","href":"https:\/\/api.w.org\/{rel}","templated":true}]}}