{"id":2383,"date":"2022-11-17T05:13:41","date_gmt":"2022-11-17T05:13:41","guid":{"rendered":"https:\/\/mueblesitalianos.com\/site\/?post_type=product&#038;p=2383"},"modified":"2023-10-28T00:26:54","modified_gmt":"2023-10-28T00:26:54","slug":"kami-seat","status":"publish","type":"product","link":"https:\/\/mueblesitalianos.com\/site\/producto\/kami-seat\/","title":{"rendered":"Kami Seat"},"content":{"rendered":"<p>Todos los productos de la colecci\u00f3n decoran con extrema sofisticaci\u00f3n espacios interiores y exteriores, contract y hogar. Est\u00e1 disponible en versiones est\u00e1ndar, lacado y luminoso.<\/p>\n","protected":false},"excerpt":{"rendered":"<p>Todos los productos de la colecci\u00f3n decoran con extrema sofisticaci\u00f3n espacios interiores y exteriores, contract y hogar.<\/p>\n","protected":false},"featured_media":2384,"template":"","meta":{"_joinchat":[]},"product_cat":[17],"product_tag":[],"class_list":{"0":"post-2383","1":"product","2":"type-product","3":"status-publish","4":"has-post-thumbnail","6":"product_cat-slide-collection","7":"pa_color-flame-red","8":"pa_color-grey","9":"pa_color-saffron-yellow","11":"first","12":"instock","13":"shipping-taxable","14":"purchasable","15":"product-type-simple"},"aioseo_notices":[],"_links":{"self":[{"href":"https:\/\/mueblesitalianos.com\/site\/wp-json\/wp\/v2\/product\/2383","targetHints":{"allow":["GET"]}}],"collection":[{"href":"https:\/\/mueblesitalianos.com\/site\/wp-json\/wp\/v2\/product"}],"about":[{"href":"https:\/\/mueblesitalianos.com\/site\/wp-json\/wp\/v2\/types\/product"}],"wp:featuredmedia":[{"embeddable":true,"href":"https:\/\/mueblesitalianos.com\/site\/wp-json\/wp\/v2\/media\/2384"}],"wp:attachment":[{"href":"https:\/\/mueblesitalianos.com\/site\/wp-json\/wp\/v2\/media?parent=2383"}],"wp:term":[{"taxonomy":"product_cat","embeddable":true,"href":"https:\/\/mueblesitalianos.com\/site\/wp-json\/wp\/v2\/product_cat?post=2383"},{"taxonomy":"product_tag","embeddable":true,"href":"https:\/\/mueblesitalianos.com\/site\/wp-json\/wp\/v2\/product_tag?post=2383"}],"curies":[{"name":"wp","href":"https:\/\/api.w.org\/{rel}","templated":true}]}}