{"id":2385,"date":"2022-11-17T05:16:54","date_gmt":"2022-11-17T05:16:54","guid":{"rendered":"https:\/\/mueblesitalianos.com\/site\/?post_type=product&#038;p=2385"},"modified":"2023-01-17T17:14:11","modified_gmt":"2023-01-17T17:14:11","slug":"cuchion-kami","status":"publish","type":"product","link":"https:\/\/mueblesitalianos.com\/site\/producto\/cuchion-kami\/","title":{"rendered":"Cuchion Kami"},"content":{"rendered":"<p>Todos los productos de la colecci\u00f3n decoran con extrema sofisticaci\u00f3n espacios interiores y exteriores, contract y hogar. Est\u00e1 disponible en versiones est\u00e1ndar, lacado y luminoso.<\/p>\n","protected":false},"excerpt":{"rendered":"<p>Todos los productos de la colecci\u00f3n decoran con extrema sofisticaci\u00f3n espacios interiores y exteriores, contract y hogar.<\/p>\n","protected":false},"featured_media":2386,"template":"","meta":{"_joinchat":[]},"product_cat":[17],"product_tag":[],"class_list":{"0":"post-2385","1":"product","2":"type-product","3":"status-publish","4":"has-post-thumbnail","6":"product_cat-slide-collection","7":"pa_color-white","9":"first","10":"instock","11":"shipping-taxable","12":"purchasable","13":"product-type-simple"},"aioseo_notices":[],"_links":{"self":[{"href":"https:\/\/mueblesitalianos.com\/site\/wp-json\/wp\/v2\/product\/2385","targetHints":{"allow":["GET"]}}],"collection":[{"href":"https:\/\/mueblesitalianos.com\/site\/wp-json\/wp\/v2\/product"}],"about":[{"href":"https:\/\/mueblesitalianos.com\/site\/wp-json\/wp\/v2\/types\/product"}],"wp:featuredmedia":[{"embeddable":true,"href":"https:\/\/mueblesitalianos.com\/site\/wp-json\/wp\/v2\/media\/2386"}],"wp:attachment":[{"href":"https:\/\/mueblesitalianos.com\/site\/wp-json\/wp\/v2\/media?parent=2385"}],"wp:term":[{"taxonomy":"product_cat","embeddable":true,"href":"https:\/\/mueblesitalianos.com\/site\/wp-json\/wp\/v2\/product_cat?post=2385"},{"taxonomy":"product_tag","embeddable":true,"href":"https:\/\/mueblesitalianos.com\/site\/wp-json\/wp\/v2\/product_tag?post=2385"}],"curies":[{"name":"wp","href":"https:\/\/api.w.org\/{rel}","templated":true}]}}