{"id":2395,"date":"2022-11-17T05:33:25","date_gmt":"2022-11-17T05:33:25","guid":{"rendered":"https:\/\/mueblesitalianos.com\/site\/?post_type=product&#038;p=2395"},"modified":"2023-10-28T00:32:05","modified_gmt":"2023-10-28T00:32:05","slug":"kami-ni","status":"publish","type":"product","link":"https:\/\/mueblesitalianos.com\/site\/producto\/kami-ni\/","title":{"rendered":"Kami Ni"},"content":{"rendered":"<p>La tapa de cristal le da al producto un detalle precioso y sofisticado. La mesa de centro Kami Ni es ideal tanto para ambientes de interior como de exterior, tanto para el contract como para el hogar. Kami Ni est\u00e1 fabricado en polietileno con la tecnolog\u00eda de moldeo rotacional: sus l\u00edneas recuerdan a toda la colecci\u00f3n Kami.<\/p>\n","protected":false},"excerpt":{"rendered":"<p>La tapa de cristal le da al producto un detalle precioso y sofisticado. La mesa de centro Kami Ni es ideal tanto para ambientes de interior como de exterior, tanto para el contract como para el hogar.<\/p>\n","protected":false},"featured_media":2397,"template":"","meta":{"_joinchat":[]},"product_cat":[17],"product_tag":[],"class_list":{"0":"post-2395","1":"product","2":"type-product","3":"status-publish","4":"has-post-thumbnail","6":"product_cat-slide-collection","7":"pa_color-red","8":"pa_color-yellow","10":"first","11":"instock","12":"shipping-taxable","13":"purchasable","14":"product-type-simple"},"aioseo_notices":[],"_links":{"self":[{"href":"https:\/\/mueblesitalianos.com\/site\/wp-json\/wp\/v2\/product\/2395","targetHints":{"allow":["GET"]}}],"collection":[{"href":"https:\/\/mueblesitalianos.com\/site\/wp-json\/wp\/v2\/product"}],"about":[{"href":"https:\/\/mueblesitalianos.com\/site\/wp-json\/wp\/v2\/types\/product"}],"wp:featuredmedia":[{"embeddable":true,"href":"https:\/\/mueblesitalianos.com\/site\/wp-json\/wp\/v2\/media\/2397"}],"wp:attachment":[{"href":"https:\/\/mueblesitalianos.com\/site\/wp-json\/wp\/v2\/media?parent=2395"}],"wp:term":[{"taxonomy":"product_cat","embeddable":true,"href":"https:\/\/mueblesitalianos.com\/site\/wp-json\/wp\/v2\/product_cat?post=2395"},{"taxonomy":"product_tag","embeddable":true,"href":"https:\/\/mueblesitalianos.com\/site\/wp-json\/wp\/v2\/product_tag?post=2395"}],"curies":[{"name":"wp","href":"https:\/\/api.w.org\/{rel}","templated":true}]}}