{"id":2398,"date":"2022-11-17T05:36:45","date_gmt":"2022-11-17T05:36:45","guid":{"rendered":"https:\/\/mueblesitalianos.com\/site\/?post_type=product&#038;p=2398"},"modified":"2023-10-28T01:30:29","modified_gmt":"2023-10-28T01:30:29","slug":"hopla-table","status":"publish","type":"product","link":"https:\/\/mueblesitalianos.com\/site\/producto\/hopla-table\/","title":{"rendered":"Hopla Table"},"content":{"rendered":"<p>Cada uno podr\u00eda componer su mesa Hopl\u00e0 perfecta: puedes elegir entre diferentes colores, alturas y diferentes formas de tapas de HPL. Gracias a su versatilidad, Hopl\u00e0 es ideal para todos los ambientes interiores y exteriores. Est\u00e1 disponible tambi\u00e9n en versi\u00f3n luminosa.<\/p>\n","protected":false},"excerpt":{"rendered":"<p>Puedes elegir entre diferentes colores, alturas y diferentes formas de tapas<\/p>\n","protected":false},"featured_media":2400,"template":"","meta":{"_joinchat":[]},"product_cat":[17],"product_tag":[],"class_list":{"0":"post-2398","1":"product","2":"type-product","3":"status-publish","4":"has-post-thumbnail","6":"product_cat-slide-collection","8":"first","9":"instock","10":"shipping-taxable","11":"purchasable","12":"product-type-simple"},"aioseo_notices":[],"_links":{"self":[{"href":"https:\/\/mueblesitalianos.com\/site\/wp-json\/wp\/v2\/product\/2398","targetHints":{"allow":["GET"]}}],"collection":[{"href":"https:\/\/mueblesitalianos.com\/site\/wp-json\/wp\/v2\/product"}],"about":[{"href":"https:\/\/mueblesitalianos.com\/site\/wp-json\/wp\/v2\/types\/product"}],"wp:featuredmedia":[{"embeddable":true,"href":"https:\/\/mueblesitalianos.com\/site\/wp-json\/wp\/v2\/media\/2400"}],"wp:attachment":[{"href":"https:\/\/mueblesitalianos.com\/site\/wp-json\/wp\/v2\/media?parent=2398"}],"wp:term":[{"taxonomy":"product_cat","embeddable":true,"href":"https:\/\/mueblesitalianos.com\/site\/wp-json\/wp\/v2\/product_cat?post=2398"},{"taxonomy":"product_tag","embeddable":true,"href":"https:\/\/mueblesitalianos.com\/site\/wp-json\/wp\/v2\/product_tag?post=2398"}],"curies":[{"name":"wp","href":"https:\/\/api.w.org\/{rel}","templated":true}]}}