{"id":2404,"date":"2022-11-17T05:42:18","date_gmt":"2022-11-17T05:42:18","guid":{"rendered":"https:\/\/mueblesitalianos.com\/site\/?post_type=product&#038;p=2404"},"modified":"2023-01-17T17:04:47","modified_gmt":"2023-01-17T17:04:47","slug":"light-drink","status":"publish","type":"product","link":"https:\/\/mueblesitalianos.com\/site\/producto\/light-drink\/","title":{"rendered":"Light Drink"},"content":{"rendered":"<p>Light Drink recuerda la forma l\u00fadica de un vaso de Drink, ambos creados por Jorge N\u00e1jera. Light Drink es un objeto de dise\u00f1o multifuncional y luminoso y pertenece a la t\u00edpica producci\u00f3n Slide de muebles de polietileno: es una l\u00e1mpara de ambiente pero, al mismo tiempo, es una cubitera, que da un toque ins\u00f3lito a eventos y contract de interior y exterior. .<\/p>\n","protected":false},"excerpt":{"rendered":"<p>Light Drink recuerda la forma l\u00fadica de un vaso de Drink, ambos creados por Jorge N\u00e1jera.<\/p>\n","protected":false},"featured_media":2405,"template":"","meta":{"_joinchat":[]},"product_cat":[17],"product_tag":[],"class_list":{"0":"post-2404","1":"product","2":"type-product","3":"status-publish","4":"has-post-thumbnail","6":"product_cat-slide-collection","8":"first","9":"instock","10":"shipping-taxable","11":"purchasable","12":"product-type-simple"},"aioseo_notices":[],"_links":{"self":[{"href":"https:\/\/mueblesitalianos.com\/site\/wp-json\/wp\/v2\/product\/2404","targetHints":{"allow":["GET"]}}],"collection":[{"href":"https:\/\/mueblesitalianos.com\/site\/wp-json\/wp\/v2\/product"}],"about":[{"href":"https:\/\/mueblesitalianos.com\/site\/wp-json\/wp\/v2\/types\/product"}],"wp:featuredmedia":[{"embeddable":true,"href":"https:\/\/mueblesitalianos.com\/site\/wp-json\/wp\/v2\/media\/2405"}],"wp:attachment":[{"href":"https:\/\/mueblesitalianos.com\/site\/wp-json\/wp\/v2\/media?parent=2404"}],"wp:term":[{"taxonomy":"product_cat","embeddable":true,"href":"https:\/\/mueblesitalianos.com\/site\/wp-json\/wp\/v2\/product_cat?post=2404"},{"taxonomy":"product_tag","embeddable":true,"href":"https:\/\/mueblesitalianos.com\/site\/wp-json\/wp\/v2\/product_tag?post=2404"}],"curies":[{"name":"wp","href":"https:\/\/api.w.org\/{rel}","templated":true}]}}