{"id":2413,"date":"2022-11-17T05:52:52","date_gmt":"2022-11-17T05:52:52","guid":{"rendered":"https:\/\/mueblesitalianos.com\/site\/?post_type=product&#038;p=2413"},"modified":"2023-01-17T17:01:07","modified_gmt":"2023-01-17T17:01:07","slug":"ottocwnto-base-50diam","status":"publish","type":"product","link":"https:\/\/mueblesitalianos.com\/site\/producto\/ottocwnto-base-50diam\/","title":{"rendered":"Ottocwnto Base 50DIAM"},"content":{"rendered":"<p>Inspirada en las formas del Neoclasicismo, Ottocento es una mesa de interior y exterior disponible en diferentes medidas. La pureza del material est\u00e1 ligada al car\u00e1cter cl\u00e1sico de las formas, que recuerdan el lujo del m\u00e1rmol y la elegancia de los colores oscuros. Gracias a una colaboraci\u00f3n entre el dise\u00f1ador y nuestro departamento de producci\u00f3n, cada mesa es una paz \u00fanica.<\/p>\n","protected":false},"excerpt":{"rendered":"<p>Inspirada en las formas del Neoclasicismo, Ottocento es una mesa de interior y exterior disponible en diferentes medidas.<\/p>\n","protected":false},"featured_media":2409,"template":"","meta":{"_joinchat":[]},"product_cat":[17],"product_tag":[],"class_list":{"0":"post-2413","1":"product","2":"type-product","3":"status-publish","4":"has-post-thumbnail","6":"product_cat-slide-collection","7":"pa_color-white","9":"first","10":"instock","11":"shipping-taxable","12":"purchasable","13":"product-type-simple"},"aioseo_notices":[],"_links":{"self":[{"href":"https:\/\/mueblesitalianos.com\/site\/wp-json\/wp\/v2\/product\/2413","targetHints":{"allow":["GET"]}}],"collection":[{"href":"https:\/\/mueblesitalianos.com\/site\/wp-json\/wp\/v2\/product"}],"about":[{"href":"https:\/\/mueblesitalianos.com\/site\/wp-json\/wp\/v2\/types\/product"}],"wp:featuredmedia":[{"embeddable":true,"href":"https:\/\/mueblesitalianos.com\/site\/wp-json\/wp\/v2\/media\/2409"}],"wp:attachment":[{"href":"https:\/\/mueblesitalianos.com\/site\/wp-json\/wp\/v2\/media?parent=2413"}],"wp:term":[{"taxonomy":"product_cat","embeddable":true,"href":"https:\/\/mueblesitalianos.com\/site\/wp-json\/wp\/v2\/product_cat?post=2413"},{"taxonomy":"product_tag","embeddable":true,"href":"https:\/\/mueblesitalianos.com\/site\/wp-json\/wp\/v2\/product_tag?post=2413"}],"curies":[{"name":"wp","href":"https:\/\/api.w.org\/{rel}","templated":true}]}}