{"id":2426,"date":"2022-11-17T06:11:38","date_gmt":"2022-11-17T06:11:38","guid":{"rendered":"https:\/\/mueblesitalianos.com\/site\/?post_type=product&#038;p=2426"},"modified":"2023-10-27T22:31:17","modified_gmt":"2023-10-27T22:31:17","slug":"stilleto-lamp-120cm-2700k","status":"publish","type":"product","link":"https:\/\/mueblesitalianos.com\/site\/producto\/stilleto-lamp-120cm-2700k\/","title":{"rendered":"Stilleto Lamp 120cm 2700K"},"content":{"rendered":"<p>El aplique tileto est\u00e1 disponible en dos dimensiones diferentes y es regulable. Como toda la colecci\u00f3n Giotto&amp;Stiletto, su luz homog\u00e9nea y las tres temperaturas de luz diferentes la hacen ideal para cada ambiente: Iluminaci\u00f3n de Hogar (2700K &#8211; Luz Extra C\u00e1lida), Iluminaci\u00f3n de Hospitalidad (3000K &#8211; Luz C\u00e1lida), Iluminaci\u00f3n de Espacios de Trabajo (4000K &#8211; Luz Fr\u00eda) . El pie de pared es de color blanco lacado, para dar un toque de elegancia a la pared.<\/p>\n","protected":false},"excerpt":{"rendered":"<p>El aplique tileto est\u00e1 disponible en dos dimensiones diferentes y es regulable.<\/p>\n","protected":false},"featured_media":2422,"template":"","meta":{"_joinchat":[]},"product_cat":[17],"product_tag":[],"class_list":{"0":"post-2426","1":"product","2":"type-product","3":"status-publish","4":"has-post-thumbnail","6":"product_cat-slide-collection","8":"first","9":"instock","10":"shipping-taxable","11":"purchasable","12":"product-type-simple"},"aioseo_notices":[],"_links":{"self":[{"href":"https:\/\/mueblesitalianos.com\/site\/wp-json\/wp\/v2\/product\/2426","targetHints":{"allow":["GET"]}}],"collection":[{"href":"https:\/\/mueblesitalianos.com\/site\/wp-json\/wp\/v2\/product"}],"about":[{"href":"https:\/\/mueblesitalianos.com\/site\/wp-json\/wp\/v2\/types\/product"}],"wp:featuredmedia":[{"embeddable":true,"href":"https:\/\/mueblesitalianos.com\/site\/wp-json\/wp\/v2\/media\/2422"}],"wp:attachment":[{"href":"https:\/\/mueblesitalianos.com\/site\/wp-json\/wp\/v2\/media?parent=2426"}],"wp:term":[{"taxonomy":"product_cat","embeddable":true,"href":"https:\/\/mueblesitalianos.com\/site\/wp-json\/wp\/v2\/product_cat?post=2426"},{"taxonomy":"product_tag","embeddable":true,"href":"https:\/\/mueblesitalianos.com\/site\/wp-json\/wp\/v2\/product_tag?post=2426"}],"curies":[{"name":"wp","href":"https:\/\/api.w.org\/{rel}","templated":true}]}}