{"id":2452,"date":"2022-11-17T15:17:03","date_gmt":"2022-11-17T15:17:03","guid":{"rendered":"https:\/\/mueblesitalianos.com\/site\/?post_type=product&#038;p=2452"},"modified":"2022-11-17T15:17:03","modified_gmt":"2022-11-17T15:17:03","slug":"sigmy-table","status":"publish","type":"product","link":"https:\/\/mueblesitalianos.com\/site\/producto\/sigmy-table\/","title":{"rendered":"Sigmy Table"},"content":{"rendered":"<p>Mesa de centro en vidrio curvado de 12 mm de espesor para la versi\u00f3n de vidrio transparente y extraligero y de 10 mm de espesor para la versi\u00f3n Black95. Tambi\u00e9n disponible en versi\u00f3n de metal nublado.<\/p>\n","protected":false},"excerpt":{"rendered":"<p>MESA DE CENTRO EN CRISTAL CURVADO<\/p>\n","protected":false},"featured_media":2453,"template":"","meta":{"_joinchat":[]},"product_cat":[20],"product_tag":[],"class_list":{"0":"post-2452","1":"product","2":"type-product","3":"status-publish","4":"has-post-thumbnail","6":"product_cat-fiam-collection","8":"first","9":"outofstock","10":"shipping-taxable","11":"purchasable","12":"product-type-simple"},"aioseo_notices":[],"_links":{"self":[{"href":"https:\/\/mueblesitalianos.com\/site\/wp-json\/wp\/v2\/product\/2452","targetHints":{"allow":["GET"]}}],"collection":[{"href":"https:\/\/mueblesitalianos.com\/site\/wp-json\/wp\/v2\/product"}],"about":[{"href":"https:\/\/mueblesitalianos.com\/site\/wp-json\/wp\/v2\/types\/product"}],"wp:featuredmedia":[{"embeddable":true,"href":"https:\/\/mueblesitalianos.com\/site\/wp-json\/wp\/v2\/media\/2453"}],"wp:attachment":[{"href":"https:\/\/mueblesitalianos.com\/site\/wp-json\/wp\/v2\/media?parent=2452"}],"wp:term":[{"taxonomy":"product_cat","embeddable":true,"href":"https:\/\/mueblesitalianos.com\/site\/wp-json\/wp\/v2\/product_cat?post=2452"},{"taxonomy":"product_tag","embeddable":true,"href":"https:\/\/mueblesitalianos.com\/site\/wp-json\/wp\/v2\/product_tag?post=2452"}],"curies":[{"name":"wp","href":"https:\/\/api.w.org\/{rel}","templated":true}]}}