{"id":2466,"date":"2022-11-17T15:22:08","date_gmt":"2022-11-17T15:22:08","guid":{"rendered":"https:\/\/mueblesitalianos.com\/site\/?post_type=product&#038;p=2466"},"modified":"2022-11-17T15:22:08","modified_gmt":"2022-11-17T15:22:08","slug":"waves-console","status":"publish","type":"product","link":"https:\/\/mueblesitalianos.com\/site\/producto\/waves-console\/","title":{"rendered":"Waves Console"},"content":{"rendered":"<p>Consola con tapa de DV-Glass de 23 mm, disponible en cristal transparente o rayado de color, o con tapa de m\u00e1rmol. Base met\u00e1lica disponible en acabados Titanio opaco o N\u00edquel Negro Brillo.<\/p>\n","protected":false},"excerpt":{"rendered":"<p>CONSOLA COMPUESTA POR UNA TAPA DE CRISTAL DV<\/p>\n","protected":false},"featured_media":2467,"template":"","meta":{"_joinchat":[]},"product_cat":[20],"product_tag":[],"class_list":{"0":"post-2466","1":"product","2":"type-product","3":"status-publish","4":"has-post-thumbnail","6":"product_cat-fiam-collection","8":"first","9":"outofstock","10":"shipping-taxable","11":"purchasable","12":"product-type-simple"},"aioseo_notices":[],"_links":{"self":[{"href":"https:\/\/mueblesitalianos.com\/site\/wp-json\/wp\/v2\/product\/2466","targetHints":{"allow":["GET"]}}],"collection":[{"href":"https:\/\/mueblesitalianos.com\/site\/wp-json\/wp\/v2\/product"}],"about":[{"href":"https:\/\/mueblesitalianos.com\/site\/wp-json\/wp\/v2\/types\/product"}],"wp:featuredmedia":[{"embeddable":true,"href":"https:\/\/mueblesitalianos.com\/site\/wp-json\/wp\/v2\/media\/2467"}],"wp:attachment":[{"href":"https:\/\/mueblesitalianos.com\/site\/wp-json\/wp\/v2\/media?parent=2466"}],"wp:term":[{"taxonomy":"product_cat","embeddable":true,"href":"https:\/\/mueblesitalianos.com\/site\/wp-json\/wp\/v2\/product_cat?post=2466"},{"taxonomy":"product_tag","embeddable":true,"href":"https:\/\/mueblesitalianos.com\/site\/wp-json\/wp\/v2\/product_tag?post=2466"}],"curies":[{"name":"wp","href":"https:\/\/api.w.org\/{rel}","templated":true}]}}