{"id":2489,"date":"2022-11-17T16:29:12","date_gmt":"2022-11-17T16:29:12","guid":{"rendered":"https:\/\/mueblesitalianos.com\/site\/?post_type=product&#038;p=2489"},"modified":"2022-11-17T16:32:06","modified_gmt":"2022-11-17T16:32:06","slug":"god","status":"publish","type":"product","link":"https:\/\/mueblesitalianos.com\/site\/producto\/god\/","title":{"rendered":"God"},"content":{"rendered":"<p>El \u00e1rbol de entrada Cactus es un icono de la colecci\u00f3n Multiples de Gufram que se ha convertido en un mito en la historia del dise\u00f1o y ha pasado merecidamente a formar parte de la colecci\u00f3n de los museos e instituciones culturales m\u00e1s importantes de todo el mundo. Hay relatos, sin embargo, de lugares del planeta tierra, donde el Cactus verde de Gufram ha sido elevado al rango de \u00eddolo por sectas que se dedican a su mismo culto observatorio e integralista.<\/p>\n","protected":false},"excerpt":{"rendered":"<p>Perchero de pie fabricado en poliuretano blando, acabado a mano con Guflac\u00ae.<br \/>\n*Huevos desmontables de poliuretano blando, tapizados con tela.<\/p>\n","protected":false},"featured_media":2490,"template":"","meta":{"_joinchat":[]},"product_cat":[23],"product_tag":[],"class_list":{"0":"post-2489","1":"product","2":"type-product","3":"status-publish","4":"has-post-thumbnail","6":"product_cat-gufram-collection","8":"first","9":"outofstock","10":"shipping-taxable","11":"purchasable","12":"product-type-simple"},"aioseo_notices":[],"_links":{"self":[{"href":"https:\/\/mueblesitalianos.com\/site\/wp-json\/wp\/v2\/product\/2489","targetHints":{"allow":["GET"]}}],"collection":[{"href":"https:\/\/mueblesitalianos.com\/site\/wp-json\/wp\/v2\/product"}],"about":[{"href":"https:\/\/mueblesitalianos.com\/site\/wp-json\/wp\/v2\/types\/product"}],"wp:featuredmedia":[{"embeddable":true,"href":"https:\/\/mueblesitalianos.com\/site\/wp-json\/wp\/v2\/media\/2490"}],"wp:attachment":[{"href":"https:\/\/mueblesitalianos.com\/site\/wp-json\/wp\/v2\/media?parent=2489"}],"wp:term":[{"taxonomy":"product_cat","embeddable":true,"href":"https:\/\/mueblesitalianos.com\/site\/wp-json\/wp\/v2\/product_cat?post=2489"},{"taxonomy":"product_tag","embeddable":true,"href":"https:\/\/mueblesitalianos.com\/site\/wp-json\/wp\/v2\/product_tag?post=2489"}],"curies":[{"name":"wp","href":"https:\/\/api.w.org\/{rel}","templated":true}]}}