{"id":2495,"date":"2022-11-17T16:34:36","date_gmt":"2022-11-17T16:34:36","guid":{"rendered":"https:\/\/mueblesitalianos.com\/site\/?post_type=product&#038;p=2495"},"modified":"2022-11-17T16:34:36","modified_gmt":"2022-11-17T16:34:36","slug":"sofcrete","status":"publish","type":"product","link":"https:\/\/mueblesitalianos.com\/site\/producto\/sofcrete\/","title":{"rendered":"Sofcrete"},"content":{"rendered":"<p>Fue solo con el dise\u00f1ador Ross Lovegrove que el hormig\u00f3n se convirti\u00f3 en sin\u00f3nimo de comodidad, suavidad y calidez. Y en este maravilloso concurso encontramos la qu\u00edmica entre la empresa Gufram y el dise\u00f1ador ingl\u00e9s. Softcrete, el nombre de esta familia de asientos cuyo nombre es un ox\u00edmoron de contenidos, es hoy una sala de estar c\u00f3moda y reconfortante fuera de la caja.<\/p>\n","protected":false},"excerpt":{"rendered":"<p>Camilla modular de poliuretano blando, acabada a mano con Guflac\u00ae Ultra.<br \/>\nAdecuado tambi\u00e9n para uso en exteriores.<\/p>\n<p>&nbsp;<\/p>\n","protected":false},"featured_media":2497,"template":"","meta":{"_joinchat":[]},"product_cat":[23],"product_tag":[],"class_list":{"0":"post-2495","1":"product","2":"type-product","3":"status-publish","4":"has-post-thumbnail","6":"product_cat-gufram-collection","8":"first","9":"outofstock","10":"shipping-taxable","11":"purchasable","12":"product-type-simple"},"aioseo_notices":[],"_links":{"self":[{"href":"https:\/\/mueblesitalianos.com\/site\/wp-json\/wp\/v2\/product\/2495","targetHints":{"allow":["GET"]}}],"collection":[{"href":"https:\/\/mueblesitalianos.com\/site\/wp-json\/wp\/v2\/product"}],"about":[{"href":"https:\/\/mueblesitalianos.com\/site\/wp-json\/wp\/v2\/types\/product"}],"wp:featuredmedia":[{"embeddable":true,"href":"https:\/\/mueblesitalianos.com\/site\/wp-json\/wp\/v2\/media\/2497"}],"wp:attachment":[{"href":"https:\/\/mueblesitalianos.com\/site\/wp-json\/wp\/v2\/media?parent=2495"}],"wp:term":[{"taxonomy":"product_cat","embeddable":true,"href":"https:\/\/mueblesitalianos.com\/site\/wp-json\/wp\/v2\/product_cat?post=2495"},{"taxonomy":"product_tag","embeddable":true,"href":"https:\/\/mueblesitalianos.com\/site\/wp-json\/wp\/v2\/product_tag?post=2495"}],"curies":[{"name":"wp","href":"https:\/\/api.w.org\/{rel}","templated":true}]}}