{"id":2498,"date":"2022-11-17T16:36:58","date_gmt":"2022-11-17T16:36:58","guid":{"rendered":"https:\/\/mueblesitalianos.com\/site\/?post_type=product&#038;p=2498"},"modified":"2022-11-17T16:36:58","modified_gmt":"2022-11-17T16:36:58","slug":"baby-lonia","status":"publish","type":"product","link":"https:\/\/mueblesitalianos.com\/site\/producto\/baby-lonia\/","title":{"rendered":"Baby Lonia"},"content":{"rendered":"<p>La espuma de poliuretano de la que est\u00e1 compuesta Baby-lonia est\u00e1 recubierta con Guflac, la pintura especial patentada por Gufram que hace que el poliuretano parezca cuero aumentando su resistencia y manteniendo su suavidad.<\/p>\n<p>Baby-lonia es, a todos los efectos, una escultura dom\u00e9stica que se puede dividir en sillas y mesas, pero que sigue siendo un juguete&#8230; tanto para ni\u00f1os como para adultos. Seg\u00fan cuenta la historia, es el \u00fanico juguete que pertenece a la colecci\u00f3n del Centre Georges Pompidou de Par\u00eds.<\/p>\n","protected":false},"excerpt":{"rendered":"<p>Juguete de construcci\u00f3n de poliuretano blando, acabado a mano con Guflac\u00ae.<\/p>\n","protected":false},"featured_media":2500,"template":"","meta":{"_joinchat":[]},"product_cat":[23],"product_tag":[],"class_list":{"0":"post-2498","1":"product","2":"type-product","3":"status-publish","4":"has-post-thumbnail","6":"product_cat-gufram-collection","8":"first","9":"outofstock","10":"shipping-taxable","11":"purchasable","12":"product-type-simple"},"aioseo_notices":[],"_links":{"self":[{"href":"https:\/\/mueblesitalianos.com\/site\/wp-json\/wp\/v2\/product\/2498","targetHints":{"allow":["GET"]}}],"collection":[{"href":"https:\/\/mueblesitalianos.com\/site\/wp-json\/wp\/v2\/product"}],"about":[{"href":"https:\/\/mueblesitalianos.com\/site\/wp-json\/wp\/v2\/types\/product"}],"wp:featuredmedia":[{"embeddable":true,"href":"https:\/\/mueblesitalianos.com\/site\/wp-json\/wp\/v2\/media\/2500"}],"wp:attachment":[{"href":"https:\/\/mueblesitalianos.com\/site\/wp-json\/wp\/v2\/media?parent=2498"}],"wp:term":[{"taxonomy":"product_cat","embeddable":true,"href":"https:\/\/mueblesitalianos.com\/site\/wp-json\/wp\/v2\/product_cat?post=2498"},{"taxonomy":"product_tag","embeddable":true,"href":"https:\/\/mueblesitalianos.com\/site\/wp-json\/wp\/v2\/product_tag?post=2498"}],"curies":[{"name":"wp","href":"https:\/\/api.w.org\/{rel}","templated":true}]}}