{"id":2501,"date":"2022-11-17T16:38:16","date_gmt":"2022-11-17T16:38:16","guid":{"rendered":"https:\/\/mueblesitalianos.com\/site\/?post_type=product&#038;p=2501"},"modified":"2022-11-17T16:52:31","modified_gmt":"2022-11-17T16:52:31","slug":"sassi","status":"publish","type":"product","link":"https:\/\/mueblesitalianos.com\/site\/producto\/sassi\/","title":{"rendered":"Sassi"},"content":{"rendered":"<p>Los Sassi, artificialmente naturales, son un ox\u00edmoron, una visi\u00f3n del dise\u00f1o que demuele y subvierte los par\u00e1metros probados de la percepci\u00f3n t\u00e1ctil y visual. Misma piel, mismo volumen, mismos tonos, misma rugosidad, misma capa exterior de piedras naturales, pero distinta sustancia y peso, que las convierten en inocuos cantos rodados; liberados de la gravedad y la luz, se elevan a una nueva vida.<\/p>\n","protected":false},"excerpt":{"rendered":"<p>Puf y elementos ornamentales en poliuretano soft, acabados y decorados a mano con Guflac\u00ae.<\/p>\n","protected":false},"featured_media":2502,"template":"","meta":{"_joinchat":[]},"product_cat":[23],"product_tag":[],"class_list":{"0":"post-2501","1":"product","2":"type-product","3":"status-publish","4":"has-post-thumbnail","6":"product_cat-gufram-collection","8":"first","9":"outofstock","10":"shipping-taxable","11":"purchasable","12":"product-type-simple"},"aioseo_notices":[],"_links":{"self":[{"href":"https:\/\/mueblesitalianos.com\/site\/wp-json\/wp\/v2\/product\/2501","targetHints":{"allow":["GET"]}}],"collection":[{"href":"https:\/\/mueblesitalianos.com\/site\/wp-json\/wp\/v2\/product"}],"about":[{"href":"https:\/\/mueblesitalianos.com\/site\/wp-json\/wp\/v2\/types\/product"}],"wp:featuredmedia":[{"embeddable":true,"href":"https:\/\/mueblesitalianos.com\/site\/wp-json\/wp\/v2\/media\/2502"}],"wp:attachment":[{"href":"https:\/\/mueblesitalianos.com\/site\/wp-json\/wp\/v2\/media?parent=2501"}],"wp:term":[{"taxonomy":"product_cat","embeddable":true,"href":"https:\/\/mueblesitalianos.com\/site\/wp-json\/wp\/v2\/product_cat?post=2501"},{"taxonomy":"product_tag","embeddable":true,"href":"https:\/\/mueblesitalianos.com\/site\/wp-json\/wp\/v2\/product_tag?post=2501"}],"curies":[{"name":"wp","href":"https:\/\/api.w.org\/{rel}","templated":true}]}}