{"id":2660,"date":"2023-01-17T21:11:54","date_gmt":"2023-01-17T21:11:54","guid":{"rendered":"https:\/\/mueblesitalianos.com\/site\/?post_type=product&#038;p=2660"},"modified":"2023-10-28T04:51:56","modified_gmt":"2023-10-28T04:51:56","slug":"norma-couture-chair-2","status":"publish","type":"product","link":"https:\/\/mueblesitalianos.com\/site\/producto\/norma-couture-chair-2\/","title":{"rendered":"NORMA COUTURE CHAIR"},"content":{"rendered":"<p>Entre las familias de sillas y taburetes dise\u00f1adas por Cattelan Italia, Norma tiene, con mucho, el mayor n\u00famero de variantes disponibles. Su dise\u00f1o minimalista m\u00e1s sus m\u00faltiples combinaciones de acabados y materiales satisfacen una amplia variedad de necesidades estil\u00edsticas. La base de la silla moderna Norma est\u00e1 completamente tapizada con el mismo material precioso utilizado para tapizar el asiento, mientras que las patas de la versi\u00f3n Norma ML est\u00e1n hechas de acero a la vista, disponible en una amplia gama de acabados lacados. Ambas sillas de cuero suave se pueden personalizar a\u00fan m\u00e1s: la Norma Couture y la Norma ML Couture est\u00e1n adornadas con un glamoroso acolchado en forma de diamante en el respaldo. Todos los modelos Norma est\u00e1n disponibles tambi\u00e9n en la versi\u00f3n con reposabrazos y\/o respaldo alto. Completan la gama los modelos de taburetes de cocina Norma y Norma ML, ambos fabricados en dos alturas diferentes y disponibles tambi\u00e9n en la versi\u00f3n con respaldo capiton\u00e9.<\/p>\n","protected":false},"excerpt":{"rendered":"<p>SILLA NORMA ML COUTURE 60x55x105h &#8211; HB estructura metal 08 cromo &#8211; asiento piel 948 LINO<\/p>\n","protected":false},"featured_media":2742,"template":"","meta":{"_joinchat":[]},"product_cat":[21],"product_tag":[],"class_list":{"0":"post-2660","1":"product","2":"type-product","3":"status-publish","4":"has-post-thumbnail","6":"product_cat-cattelan-italia-collection","8":"first","9":"instock","10":"shipping-taxable","11":"purchasable","12":"product-type-simple"},"aioseo_notices":[],"_links":{"self":[{"href":"https:\/\/mueblesitalianos.com\/site\/wp-json\/wp\/v2\/product\/2660","targetHints":{"allow":["GET"]}}],"collection":[{"href":"https:\/\/mueblesitalianos.com\/site\/wp-json\/wp\/v2\/product"}],"about":[{"href":"https:\/\/mueblesitalianos.com\/site\/wp-json\/wp\/v2\/types\/product"}],"wp:featuredmedia":[{"embeddable":true,"href":"https:\/\/mueblesitalianos.com\/site\/wp-json\/wp\/v2\/media\/2742"}],"wp:attachment":[{"href":"https:\/\/mueblesitalianos.com\/site\/wp-json\/wp\/v2\/media?parent=2660"}],"wp:term":[{"taxonomy":"product_cat","embeddable":true,"href":"https:\/\/mueblesitalianos.com\/site\/wp-json\/wp\/v2\/product_cat?post=2660"},{"taxonomy":"product_tag","embeddable":true,"href":"https:\/\/mueblesitalianos.com\/site\/wp-json\/wp\/v2\/product_tag?post=2660"}],"curies":[{"name":"wp","href":"https:\/\/api.w.org\/{rel}","templated":true}]}}