{"id":2661,"date":"2023-01-17T21:16:10","date_gmt":"2023-01-17T21:16:10","guid":{"rendered":"https:\/\/mueblesitalianos.com\/site\/?post_type=product&#038;p=2661"},"modified":"2023-10-28T04:52:30","modified_gmt":"2023-10-28T04:52:30","slug":"aparador-boutique","status":"publish","type":"product","link":"https:\/\/mueblesitalianos.com\/site\/producto\/aparador-boutique\/","title":{"rendered":"APARADOR BOUTIQUE"},"content":{"rendered":"<p>Los objetos m\u00e1s valiosos se exhiben y conservan a la vez en el exquisito aparador Boutique, ideado por Alberto Danese. Los estantes internos de vidrio, el respaldo acolchado y tapizado y las luces LED son detalles dise\u00f1ados para valorizar los objetos que se guardan dentro de este mueble de dise\u00f1o, que decora la sala de estar con gusto refinado. La colecci\u00f3n de aparadores modernos Boutique se compone de dos versiones de 4 puertas con diferentes alturas, y del aparador superior de 3 estantes Boutique Alta.<\/p>\n","protected":false},"excerpt":{"rendered":"<p>APARADOR BOUTIQUE 224x42x74h &#8211; B<br \/>\ninstalaci\u00f3n el\u00e9ctrica 110\/220 v<br \/>\nestructura metal cristal fum\u00e9 &#8211; resplado<br \/>\necopiel ECP48 LINO<\/p>\n","protected":false},"featured_media":2662,"template":"","meta":{"_joinchat":[]},"product_cat":[21],"product_tag":[],"class_list":{"0":"post-2661","1":"product","2":"type-product","3":"status-publish","4":"has-post-thumbnail","6":"product_cat-cattelan-italia-collection","8":"first","9":"instock","10":"shipping-taxable","11":"purchasable","12":"product-type-simple"},"aioseo_notices":[],"_links":{"self":[{"href":"https:\/\/mueblesitalianos.com\/site\/wp-json\/wp\/v2\/product\/2661","targetHints":{"allow":["GET"]}}],"collection":[{"href":"https:\/\/mueblesitalianos.com\/site\/wp-json\/wp\/v2\/product"}],"about":[{"href":"https:\/\/mueblesitalianos.com\/site\/wp-json\/wp\/v2\/types\/product"}],"wp:featuredmedia":[{"embeddable":true,"href":"https:\/\/mueblesitalianos.com\/site\/wp-json\/wp\/v2\/media\/2662"}],"wp:attachment":[{"href":"https:\/\/mueblesitalianos.com\/site\/wp-json\/wp\/v2\/media?parent=2661"}],"wp:term":[{"taxonomy":"product_cat","embeddable":true,"href":"https:\/\/mueblesitalianos.com\/site\/wp-json\/wp\/v2\/product_cat?post=2661"},{"taxonomy":"product_tag","embeddable":true,"href":"https:\/\/mueblesitalianos.com\/site\/wp-json\/wp\/v2\/product_tag?post=2661"}],"curies":[{"name":"wp","href":"https:\/\/api.w.org\/{rel}","templated":true}]}}