{"id":2671,"date":"2023-01-17T21:22:55","date_gmt":"2023-01-17T21:22:55","guid":{"rendered":"https:\/\/mueblesitalianos.com\/site\/?post_type=product&#038;p=2671"},"modified":"2023-10-28T04:53:07","modified_gmt":"2023-10-28T04:53:07","slug":"pancho-coffee-table","status":"publish","type":"product","link":"https:\/\/mueblesitalianos.com\/site\/producto\/pancho-coffee-table\/","title":{"rendered":"PANCHO COFFEE TABLE"},"content":{"rendered":"<p>La familia de piezas de decoraci\u00f3n Pancho consta de mesas de centro modernas, ecl\u00e9cticas y visionarias, y taburetes de bar de acero. La forma redonda recuerda a un mineral precioso y el acabado cepillado a mano forma un dise\u00f1o texturizado inspirado en la naturaleza. Pancho es una mesa auxiliar de acero apta para colocar junto a sillones y sof\u00e1s para apoyar l\u00e1mparas y elementos decorativos; embellece una sala de estar moderna con un dise\u00f1o disruptivo. Los tres modelos, con diferentes formas, pueden combinarse como se desee para crear su composici\u00f3n personalizada ideal. Los taburetes de dise\u00f1o Pancho son la soluci\u00f3n perfecta para una cocina elegante con isla, donde cada detalle est\u00e1 elegido para expresar un gusto ecl\u00e9ctico y sofisticado.<\/p>\n","protected":false},"excerpt":{"rendered":"<p>Set Mesitas<\/p>\n","protected":false},"featured_media":2675,"template":"","meta":{"_joinchat":[]},"product_cat":[21],"product_tag":[],"class_list":{"0":"post-2671","1":"product","2":"type-product","3":"status-publish","4":"has-post-thumbnail","6":"product_cat-cattelan-italia-collection","8":"first","9":"instock","10":"shipping-taxable","11":"purchasable","12":"product-type-simple"},"aioseo_notices":[],"_links":{"self":[{"href":"https:\/\/mueblesitalianos.com\/site\/wp-json\/wp\/v2\/product\/2671","targetHints":{"allow":["GET"]}}],"collection":[{"href":"https:\/\/mueblesitalianos.com\/site\/wp-json\/wp\/v2\/product"}],"about":[{"href":"https:\/\/mueblesitalianos.com\/site\/wp-json\/wp\/v2\/types\/product"}],"wp:featuredmedia":[{"embeddable":true,"href":"https:\/\/mueblesitalianos.com\/site\/wp-json\/wp\/v2\/media\/2675"}],"wp:attachment":[{"href":"https:\/\/mueblesitalianos.com\/site\/wp-json\/wp\/v2\/media?parent=2671"}],"wp:term":[{"taxonomy":"product_cat","embeddable":true,"href":"https:\/\/mueblesitalianos.com\/site\/wp-json\/wp\/v2\/product_cat?post=2671"},{"taxonomy":"product_tag","embeddable":true,"href":"https:\/\/mueblesitalianos.com\/site\/wp-json\/wp\/v2\/product_tag?post=2671"}],"curies":[{"name":"wp","href":"https:\/\/api.w.org\/{rel}","templated":true}]}}