{"id":2743,"date":"2023-01-26T11:56:28","date_gmt":"2023-01-26T11:56:28","guid":{"rendered":"https:\/\/mueblesitalianos.com\/site\/?post_type=product&#038;p=2743"},"modified":"2023-05-05T17:18:51","modified_gmt":"2023-05-05T17:18:51","slug":"mesa-skorpio-keramik","status":"publish","type":"product","link":"https:\/\/mueblesitalianos.com\/site\/producto\/mesa-skorpio-keramik\/","title":{"rendered":"MESA SKORPIO KERAMIK"},"content":{"rendered":"<p>El modelo Skorpio lanz\u00f3 un nuevo concepto de mesa de comedor de dise\u00f1o, convirti\u00e9ndose en un icono del sal\u00f3n moderno. Este producto est\u00e1 en constante evoluci\u00f3n, la amplia gama de mesas de dise\u00f1o se ha ampliado hasta llegar a 8 versiones. Una extensi\u00f3n de gama que expresa la fuerza creativa de la colecci\u00f3n Skorpio que incluye: Mesa de cristal Skorpio, Skorpio Wood, Skorpio Keramik, Skorpio Keramik Premium, Skorpio Crystalart y 3 mesas redondas Skorpio Round, Skorpio Keramik Round y Skorpio Ker-Wood Round con cer\u00e1mica y tablero de madera. Skorpio es una geometr\u00eda equilibrada hecha de origami m\u00e1gico y reflejos de luz.<\/p>\n","protected":false},"excerpt":{"rendered":"<p>MESA SKORPIO KERAMIK 300x120x75h<br \/>\nsag. Sobre cer\u00e1mica Marmi KM02<br \/>\nAlabastro &#8211; base metal brushed grey<\/p>\n","protected":false},"featured_media":2744,"template":"","meta":{"_joinchat":[]},"product_cat":[21],"product_tag":[],"class_list":{"0":"post-2743","1":"product","2":"type-product","3":"status-publish","4":"has-post-thumbnail","6":"product_cat-cattelan-italia-collection","8":"first","9":"instock","10":"shipping-taxable","11":"purchasable","12":"product-type-simple"},"aioseo_notices":[],"_links":{"self":[{"href":"https:\/\/mueblesitalianos.com\/site\/wp-json\/wp\/v2\/product\/2743","targetHints":{"allow":["GET"]}}],"collection":[{"href":"https:\/\/mueblesitalianos.com\/site\/wp-json\/wp\/v2\/product"}],"about":[{"href":"https:\/\/mueblesitalianos.com\/site\/wp-json\/wp\/v2\/types\/product"}],"wp:featuredmedia":[{"embeddable":true,"href":"https:\/\/mueblesitalianos.com\/site\/wp-json\/wp\/v2\/media\/2744"}],"wp:attachment":[{"href":"https:\/\/mueblesitalianos.com\/site\/wp-json\/wp\/v2\/media?parent=2743"}],"wp:term":[{"taxonomy":"product_cat","embeddable":true,"href":"https:\/\/mueblesitalianos.com\/site\/wp-json\/wp\/v2\/product_cat?post=2743"},{"taxonomy":"product_tag","embeddable":true,"href":"https:\/\/mueblesitalianos.com\/site\/wp-json\/wp\/v2\/product_tag?post=2743"}],"curies":[{"name":"wp","href":"https:\/\/api.w.org\/{rel}","templated":true}]}}