{"id":2940,"date":"2023-01-31T21:45:04","date_gmt":"2023-01-31T21:45:04","guid":{"rendered":"https:\/\/mueblesitalianos.com\/site\/?post_type=product&#038;p=2940"},"modified":"2023-10-28T06:22:16","modified_gmt":"2023-10-28T06:22:16","slug":"lampara-de-pie-jirafa-love","status":"publish","type":"product","link":"https:\/\/mueblesitalianos.com\/site\/producto\/lampara-de-pie-jirafa-love\/","title":{"rendered":"LAMPARA DE PIE JIRAFA LOVE"},"content":{"rendered":"<p>Giraffe La l\u00e1mpara escultura &#8220;Giraffe in love &#8220;es el nuevo producto que nace de la colaboraci\u00f3n entre el artista \/ dise\u00f1ador Marcantonio y Qeeboo. Es una jirafa de ensue\u00f1o con una ara\u00f1a cl\u00e1sica de estilo Marie-Therese.&#8221; Giraffe in love &#8220;representa iron\u00eda y ligereza: la jirafa est\u00e1 enamorada pero a\u00fan no lo sabe porque su coraz\u00f3n est\u00e1 lejos de su cabeza y vive el amor con un coraz\u00f3n alegre.<\/p>\n<p>&nbsp;<\/p>\n","protected":false},"excerpt":{"rendered":"<p>GIRAFFE IN LOVE-<\/p>\n<p>L\u00e1mpara Jirafa para Interior, fabricada de fibra de vidrio.<\/p>\n<p>dimesiones:172x79x265h<\/p>\n<p>&nbsp;<\/p>\n","protected":false},"featured_media":2936,"template":"","meta":{"_joinchat":[]},"product_cat":[93],"product_tag":[],"class_list":{"0":"post-2940","1":"product","2":"type-product","3":"status-publish","4":"has-post-thumbnail","6":"product_cat-qeeboo","8":"first","9":"instock","10":"shipping-taxable","11":"purchasable","12":"product-type-simple"},"aioseo_notices":[],"_links":{"self":[{"href":"https:\/\/mueblesitalianos.com\/site\/wp-json\/wp\/v2\/product\/2940","targetHints":{"allow":["GET"]}}],"collection":[{"href":"https:\/\/mueblesitalianos.com\/site\/wp-json\/wp\/v2\/product"}],"about":[{"href":"https:\/\/mueblesitalianos.com\/site\/wp-json\/wp\/v2\/types\/product"}],"wp:featuredmedia":[{"embeddable":true,"href":"https:\/\/mueblesitalianos.com\/site\/wp-json\/wp\/v2\/media\/2936"}],"wp:attachment":[{"href":"https:\/\/mueblesitalianos.com\/site\/wp-json\/wp\/v2\/media?parent=2940"}],"wp:term":[{"taxonomy":"product_cat","embeddable":true,"href":"https:\/\/mueblesitalianos.com\/site\/wp-json\/wp\/v2\/product_cat?post=2940"},{"taxonomy":"product_tag","embeddable":true,"href":"https:\/\/mueblesitalianos.com\/site\/wp-json\/wp\/v2\/product_tag?post=2940"}],"curies":[{"name":"wp","href":"https:\/\/api.w.org\/{rel}","templated":true}]}}