{"id":3003,"date":"2023-02-01T21:13:30","date_gmt":"2023-02-01T21:13:30","guid":{"rendered":"https:\/\/mueblesitalianos.com\/site\/?post_type=product&#038;p=3003"},"modified":"2023-11-04T14:59:08","modified_gmt":"2023-11-04T14:59:08","slug":"silla-conejo","status":"publish","type":"product","link":"https:\/\/mueblesitalianos.com\/site\/producto\/silla-conejo\/","title":{"rendered":"SILLA CONEJO"},"content":{"rendered":"<p>Un simp\u00e1tico conejito apto para decorar cualquier espacio como sal\u00f3n o jard\u00edn y tambi\u00e9n lugares que necesiten destacar por dise\u00f1o y calidad. La\u00a0<strong>silla Rabbit<\/strong>\u00a0<strong>est\u00e1<\/strong>\u00a0inspirada en la naturaleza y la forma de estos lindos animalitos y puedes usar sus largas orejas como respaldo o puedes sentarte boca abajo y descansar tus brazos justo sobre sus\u00a0<strong>orejas<\/strong>\u00a0. Un producto de alta calidad elaborado con\u00a0<strong>materiales reciclados<\/strong>\u00a0para ser tambi\u00e9n respetuosos con\u00a0<strong>la naturaleza<\/strong>\u00a0. C\u00f3mpralo en todos sus colores quiz\u00e1s hasta para el dormitorio de tus hijos combinando toda la colecci\u00f3n\u00a0<a href=\"https:\/\/www.kasa-store.com\/es\/35_qeeboo\">Qeeboo<\/a><\/p>\n","protected":false},"excerpt":{"rendered":"<p>SILLA\u00a0 CONEJO QEEBOO<\/p>\n<div id=\"product-description-short-2787\">\n<p>Peso: 5Kg<\/p>\n<p>Altura del asiento: 45 cm<\/p>\n<\/div>\n<section class=\"product-features\">\n<ul class=\"data-sheet\">\n<li><span class=\"name\">Altura<\/span>:\u00a0<span class=\"value\">total cm 80 asiento cm 45<\/span><\/li>\n<li><span class=\"name\">Anchura<\/span>:\u00a0<span class=\"value\">39,5cm<\/span><\/li>\n<li><span class=\"name\">Profundidad<\/span>:\u00a0<span class=\"value\">68,8cm<\/span><\/li>\n<li><span class=\"name\">Material<\/span>:\u00a0<span class=\"value\">Polietileno<\/span><\/li>\n<\/ul>\n<\/section>\n","protected":false},"featured_media":3007,"template":"","meta":{"_joinchat":[]},"product_cat":[93],"product_tag":[],"class_list":{"0":"post-3003","1":"product","2":"type-product","3":"status-publish","4":"has-post-thumbnail","6":"product_cat-qeeboo","8":"first","9":"instock","10":"shipping-taxable","11":"purchasable","12":"product-type-simple"},"aioseo_notices":[],"_links":{"self":[{"href":"https:\/\/mueblesitalianos.com\/site\/wp-json\/wp\/v2\/product\/3003","targetHints":{"allow":["GET"]}}],"collection":[{"href":"https:\/\/mueblesitalianos.com\/site\/wp-json\/wp\/v2\/product"}],"about":[{"href":"https:\/\/mueblesitalianos.com\/site\/wp-json\/wp\/v2\/types\/product"}],"wp:featuredmedia":[{"embeddable":true,"href":"https:\/\/mueblesitalianos.com\/site\/wp-json\/wp\/v2\/media\/3007"}],"wp:attachment":[{"href":"https:\/\/mueblesitalianos.com\/site\/wp-json\/wp\/v2\/media?parent=3003"}],"wp:term":[{"taxonomy":"product_cat","embeddable":true,"href":"https:\/\/mueblesitalianos.com\/site\/wp-json\/wp\/v2\/product_cat?post=3003"},{"taxonomy":"product_tag","embeddable":true,"href":"https:\/\/mueblesitalianos.com\/site\/wp-json\/wp\/v2\/product_tag?post=3003"}],"curies":[{"name":"wp","href":"https:\/\/api.w.org\/{rel}","templated":true}]}}