{"id":3012,"date":"2023-02-01T21:37:38","date_gmt":"2023-02-01T21:37:38","guid":{"rendered":"https:\/\/mueblesitalianos.com\/site\/?post_type=product&#038;p=3012"},"modified":"2023-05-05T16:13:42","modified_gmt":"2023-05-05T16:13:42","slug":"sccotie","status":"publish","type":"product","link":"https:\/\/mueblesitalianos.com\/site\/producto\/sccotie\/","title":{"rendered":"SCCOTIE"},"content":{"rendered":"<h3>LA L\u00c1MPARA DE SOBREMESA SCOTTIE DE QEEBOO ALEGRAR\u00c1 TUS D\u00cdAS DANDO LUZ A TUS ESPACIOS<\/h3>\n<p>Dise\u00f1ado por\u00a0<strong>Stefano Giovannoni<\/strong>\u00a0, inmediatamente se convirti\u00f3 en un\u00a0<strong>\u00edcono<\/strong>\u00a0en la categor\u00eda de\u00a0<strong>l\u00e1mparas<\/strong>\u00a0decorativas. Guarda un hueso del que nunca se separa y gracias a un mando a distancia puedes encenderlo a distancia, iluminando tu\u00a0<strong>sal\u00f3n<\/strong>\u00a0o el\u00a0<strong>dormitorio<\/strong>\u00a0de tus hijos. Un simp\u00e1tico y fiel\u00a0<strong>perro guardi\u00e1n<\/strong>\u00a0que alegrar\u00e1 tus d\u00edas haciendo que su inseparable hueso brille. F\u00e1cil de usar, lo recomendamos para ambientes\u00a0<strong>modernos<\/strong>\u00a0como\u00a0<strong>discotecas<\/strong>\u00a0.<\/p>\n","protected":false},"excerpt":{"rendered":"<div id=\"product-description-short-2907\">\n<p>L\u00e1mpara escocesa con forma de perro terrier escoc\u00e9s con un simp\u00e1tico hueso en la boca que se iluminar\u00e1 con una l\u00e1mpara LED disponible con mando a distancia para encender<\/p>\n<p>DIMENSIONES Y CARACTER\u00cdSTICAS:<\/p>\n<p>Fuente de luz: 5W LED<br \/>\nDimensiones : 24x45x37cm<br \/>\nPeso : 2Kg<br \/>\nAutonom\u00eda de la bater\u00eda: 6h<\/p>\n<p>Acabados: Blanco o Negro<\/p>\n<\/div>\n<div class=\"product-out-of-stock\"><\/div>\n<section class=\"product-features\">\n<ul class=\"data-sheet\">\n<li><span class=\"name\">Altura<\/span>:\u00a0<span class=\"value\">37cm<\/span><\/li>\n<li><span class=\"name\">Anchura<\/span>:\u00a0<span class=\"value\">24cm<\/span><\/li>\n<li><span class=\"name\">Profundidad<\/span>:\u00a0<span class=\"value\">45cm<\/span><\/li>\n<li><span class=\"name\">Material<\/span>:\u00a0<span class=\"value\">Polietileno<\/span><\/li>\n<li><span class=\"name\">Colores disponibles<\/span>:\u00a0<span class=\"value\">blanco o negro<\/span><\/li>\n<li><span class=\"name\">Propiedades<\/span>:\u00a0<span class=\"value\">L\u00e1mpara de mesa de interior<\/span><\/li>\n<\/ul>\n<\/section>\n","protected":false},"featured_media":3015,"template":"","meta":{"_joinchat":[]},"product_cat":[93],"product_tag":[],"class_list":{"0":"post-3012","1":"product","2":"type-product","3":"status-publish","4":"has-post-thumbnail","6":"product_cat-qeeboo","8":"first","9":"instock","10":"shipping-taxable","11":"purchasable","12":"product-type-simple"},"aioseo_notices":[],"_links":{"self":[{"href":"https:\/\/mueblesitalianos.com\/site\/wp-json\/wp\/v2\/product\/3012","targetHints":{"allow":["GET"]}}],"collection":[{"href":"https:\/\/mueblesitalianos.com\/site\/wp-json\/wp\/v2\/product"}],"about":[{"href":"https:\/\/mueblesitalianos.com\/site\/wp-json\/wp\/v2\/types\/product"}],"wp:featuredmedia":[{"embeddable":true,"href":"https:\/\/mueblesitalianos.com\/site\/wp-json\/wp\/v2\/media\/3015"}],"wp:attachment":[{"href":"https:\/\/mueblesitalianos.com\/site\/wp-json\/wp\/v2\/media?parent=3012"}],"wp:term":[{"taxonomy":"product_cat","embeddable":true,"href":"https:\/\/mueblesitalianos.com\/site\/wp-json\/wp\/v2\/product_cat?post=3012"},{"taxonomy":"product_tag","embeddable":true,"href":"https:\/\/mueblesitalianos.com\/site\/wp-json\/wp\/v2\/product_tag?post=3012"}],"curies":[{"name":"wp","href":"https:\/\/api.w.org\/{rel}","templated":true}]}}