{"id":3019,"date":"2023-02-01T22:06:52","date_gmt":"2023-02-01T22:06:52","guid":{"rendered":"https:\/\/mueblesitalianos.com\/site\/?post_type=product&#038;p=3019"},"modified":"2023-10-28T06:22:49","modified_gmt":"2023-10-28T06:22:49","slug":"filicudi","status":"publish","type":"product","link":"https:\/\/mueblesitalianos.com\/site\/producto\/filicudi\/","title":{"rendered":"FILICUDI"},"content":{"rendered":"<p>Filicudi recuerda a las chumberas con grandes hojas que te servir\u00e1n para acomodar todo tu cuerpo haci\u00e9ndolo relajar gracias a su ergonom\u00eda y generosas medidas. El sill\u00f3n es capaz de recrear la paz y la tranquilidad como si estuvi\u00e9ramos junto al mar y evoca un lugar m\u00e1gico de vacaciones y naturaleza salvaje. Un jard\u00edn o una piscina y, por qu\u00e9 no, incluso una oficina o un estudio, adquirir\u00e1n la apariencia de lugares relajantes y confortables donde pasar sus d\u00edas de relax. C\u00f3mpralo ahora y no te pierdas esta experiencia y comb\u00ednalo con la mesa de centro de exterior\u00a0<a href=\"https:\/\/www.kasa-store.com\/es\/mesas-de-centro\/2535-mesita-enta-de-plust-para-exterior-e-interior-fabricada-en-polietileno.html#\/229-finiture-bianco\">Enta<\/a>\u00a0con un dise\u00f1o fresco y moderno<\/p>\n","protected":false},"excerpt":{"rendered":"<div id=\"product-description-short-2935\">\n<p>Sill\u00f3n para interior y exterior dise\u00f1ado por Marcantonio y fabricado por Qeeboo<\/p>\n<p>DIMENSIONES Y CARACTER\u00cdSTICAS:<\/p>\n<p>Dimensiones en cm: Ancho 93 x Fondo 72 x Alto 85<\/p>\n<p>Peso: 20Kg<\/p>\n<p>Acabados:<\/p>\n<p>Blanco y lat\u00f3n<\/p>\n<p>Verde b\u00e1lsamo y lat\u00f3n<\/p>\n<p>Negro y lat\u00f3n<\/p>\n<\/div>\n<div class=\"product-out-of-stock\"><\/div>\n<section class=\"product-features\">\n<ul class=\"data-sheet\">\n<li><span class=\"name\">Altura<\/span>:\u00a0<span class=\"value\">85cm<\/span><\/li>\n<li><span class=\"name\">Anchura<\/span>:\u00a0<span class=\"value\">93cm<\/span><\/li>\n<li><span class=\"name\">Profundidad<\/span>:\u00a0<span class=\"value\">72cm<\/span><\/li>\n<li><span class=\"name\">Material<\/span>:\u00a0<span class=\"value\">Carcasa de polietileno y estructura de lat\u00f3n.<\/span><\/li>\n<li><span class=\"name\">Colores disponibles<\/span>: <span class=\"value\">\u00a0Verde b\u00e1lsamo y y lat\u00f3n<\/span><\/li>\n<li><span class=\"name\">Propiedades<\/span>:\u00a0<span class=\"value\">Sill\u00f3n para interior y exterior<\/span><\/li>\n<\/ul>\n<\/section>\n","protected":false},"featured_media":3052,"template":"","meta":{"_joinchat":[]},"product_cat":[93],"product_tag":[],"class_list":{"0":"post-3019","1":"product","2":"type-product","3":"status-publish","4":"has-post-thumbnail","6":"product_cat-qeeboo","8":"first","9":"instock","10":"shipping-taxable","11":"purchasable","12":"product-type-simple"},"aioseo_notices":[],"_links":{"self":[{"href":"https:\/\/mueblesitalianos.com\/site\/wp-json\/wp\/v2\/product\/3019","targetHints":{"allow":["GET"]}}],"collection":[{"href":"https:\/\/mueblesitalianos.com\/site\/wp-json\/wp\/v2\/product"}],"about":[{"href":"https:\/\/mueblesitalianos.com\/site\/wp-json\/wp\/v2\/types\/product"}],"wp:featuredmedia":[{"embeddable":true,"href":"https:\/\/mueblesitalianos.com\/site\/wp-json\/wp\/v2\/media\/3052"}],"wp:attachment":[{"href":"https:\/\/mueblesitalianos.com\/site\/wp-json\/wp\/v2\/media?parent=3019"}],"wp:term":[{"taxonomy":"product_cat","embeddable":true,"href":"https:\/\/mueblesitalianos.com\/site\/wp-json\/wp\/v2\/product_cat?post=3019"},{"taxonomy":"product_tag","embeddable":true,"href":"https:\/\/mueblesitalianos.com\/site\/wp-json\/wp\/v2\/product_tag?post=3019"}],"curies":[{"name":"wp","href":"https:\/\/api.w.org\/{rel}","templated":true}]}}