{"id":3048,"date":"2023-04-24T17:26:10","date_gmt":"2023-04-24T17:26:10","guid":{"rendered":"https:\/\/mueblesitalianos.com\/site\/?post_type=product&#038;p=3048"},"modified":"2023-10-28T04:41:45","modified_gmt":"2023-10-28T04:41:45","slug":"chanel-the-impossible-collecion","status":"publish","type":"product","link":"https:\/\/mueblesitalianos.com\/site\/producto\/chanel-the-impossible-collecion\/","title":{"rendered":"CHANEL: THE IMPOSSIBLE COLLECION"},"content":{"rendered":"<p>M\u00e1s que cualquier otro dise\u00f1ador de su \u00e9poca, Gabrielle Chanel ten\u00eda la capacidad de predecir la evoluci\u00f3n de la moda contempor\u00e1nea.\u00a0Extraordinaria autoinventora, Chanel revolucion\u00f3 el estilo de vida de su tiempo al inventar un concepto moderno de lujo minimalista, elevando telas humildes como el jersey y el tweed a la categor\u00eda de alta costura, dando a luz una nueva silueta tanto sofisticada como discreta, dejando su sello en el siglo XX. siglo con su esp\u00edritu moderno de lujo discreto.<\/p>\n<p>La casa de Chanel representa la moda moderna.\u00a0Bajo su fundadora, se invent\u00f3 el estilo de la mujer moderna, a trav\u00e9s de la imagen de la propia Gabrielle Chanel.\u00a0Vest\u00eda a las mujeres para ser libres, y su ropa emancipada reflejaba el paisaje cambiante de la sociedad.\u00a0Sus dise\u00f1os afectaron fundamentalmente lo que usamos y c\u00f3mo lo usamos.\u00a0El trabajo de la casa bajo la direcci\u00f3n de su sucesor Karl Lagerfeld ha transformado la moda de nuevo: dibuj\u00f3 la plantilla para un dise\u00f1ador de moda que revive una casa moribunda con elementos de su propia historia.\u00a0As\u00ed como Chanel cre\u00f3 la moda moderna, Lagerfeld a su vez estableci\u00f3 el modelo de la casa de moda moderna.\u00a0Ella remodel\u00f3 la ropa que usan las mujeres, \u00e9l remodel\u00f3 la industria que las fabrica.<\/p>\n","protected":false},"excerpt":{"rendered":"<p>M\u00e1s que cualquier otro dise\u00f1ador de su \u00e9poca, Gabrielle Chanel ten\u00eda la capacidad de predecir la evoluci\u00f3n de la moda contempor\u00e1nea.<\/p>\n","protected":false},"featured_media":3061,"template":"","meta":{"_joinchat":[]},"product_cat":[90],"product_tag":[],"class_list":{"0":"post-3048","1":"product","2":"type-product","3":"status-publish","4":"has-post-thumbnail","6":"product_cat-assouline","8":"first","9":"instock","10":"shipping-taxable","11":"purchasable","12":"product-type-simple"},"aioseo_notices":[],"_links":{"self":[{"href":"https:\/\/mueblesitalianos.com\/site\/wp-json\/wp\/v2\/product\/3048","targetHints":{"allow":["GET"]}}],"collection":[{"href":"https:\/\/mueblesitalianos.com\/site\/wp-json\/wp\/v2\/product"}],"about":[{"href":"https:\/\/mueblesitalianos.com\/site\/wp-json\/wp\/v2\/types\/product"}],"wp:featuredmedia":[{"embeddable":true,"href":"https:\/\/mueblesitalianos.com\/site\/wp-json\/wp\/v2\/media\/3061"}],"wp:attachment":[{"href":"https:\/\/mueblesitalianos.com\/site\/wp-json\/wp\/v2\/media?parent=3048"}],"wp:term":[{"taxonomy":"product_cat","embeddable":true,"href":"https:\/\/mueblesitalianos.com\/site\/wp-json\/wp\/v2\/product_cat?post=3048"},{"taxonomy":"product_tag","embeddable":true,"href":"https:\/\/mueblesitalianos.com\/site\/wp-json\/wp\/v2\/product_tag?post=3048"}],"curies":[{"name":"wp","href":"https:\/\/api.w.org\/{rel}","templated":true}]}}