{"id":3064,"date":"2023-05-04T20:55:06","date_gmt":"2023-05-04T20:55:06","guid":{"rendered":"https:\/\/mueblesitalianos.com\/site\/?post_type=product&#038;p=3064"},"modified":"2023-05-04T20:57:34","modified_gmt":"2023-05-04T20:57:34","slug":"cartier-panthere","status":"publish","type":"product","link":"https:\/\/mueblesitalianos.com\/site\/producto\/cartier-panthere\/","title":{"rendered":"Cartier Panthere"},"content":{"rendered":"<p>Acechando silenciosamente su camino a trav\u00e9s de la iconograf\u00eda de Cartier durante un siglo, la pantera es la orgullosa l\u00edder de la manada de animales preciosos que componen la famosa colecci\u00f3n de Cartier.\u00a0Ninguna otra criatura o joya est\u00e1 tan indisoluble y emotivamente conectada con las destacadas mujeres de estilo del siglo XX, con los ideales de la feminidad moderna, y se ha convertido en el motivo m\u00e1s ic\u00f3nico de Cartier durante un siglo.\u00a0S\u00edmbolo de poder, seducci\u00f3n y triunfo desde la antig\u00fcedad, la imagen de la pantera nunca deja de despertar fantas\u00edas y sue\u00f1os.<\/p>\n<p>Con textos de la historiadora del arte B\u00e9r\u00e9nice Geoffroy-Schneiter, la historiadora de la joyer\u00eda Vivienne Becker, la experta en joyer\u00eda Joanna Hardy y el editor de moda Andr\u00e9 Leon Talley,\u00a0<em>Cartier Panth\u00e8re<\/em>\u00a0relata la pantera en la historia del arte, la evoluci\u00f3n de las joyas de la pantera de Cartier, las t\u00e9cnicas involucradas en la creaci\u00f3n de un Cartier joya de pantera, la influencia de la pantera en la moda, el dise\u00f1o y la cultura popular, e incluye una cronolog\u00eda de 100 a\u00f1os de joyas de pantera de Cartier.<\/p>\n","protected":false},"excerpt":{"rendered":"<p>Acechando silenciosamente su camino a trav\u00e9s de la iconograf\u00eda de Cartier durante un siglo, la pantera es la orgullosa l\u00edder de la manada de animales preciosos que componen la famosa colecci\u00f3n de Cartier.\u00a0Ninguna otra criatura o joya est\u00e1 tan indisoluble y emotivamente conectada con las destacadas mujeres de estilo del siglo XX, con los ideales [&hellip;]<\/p>\n","protected":false},"featured_media":3065,"template":"","meta":{"_joinchat":[]},"product_cat":[90],"product_tag":[],"class_list":{"0":"post-3064","1":"product","2":"type-product","3":"status-publish","4":"has-post-thumbnail","6":"product_cat-assouline","8":"first","9":"instock","10":"shipping-taxable","11":"purchasable","12":"product-type-simple"},"aioseo_notices":[],"_links":{"self":[{"href":"https:\/\/mueblesitalianos.com\/site\/wp-json\/wp\/v2\/product\/3064","targetHints":{"allow":["GET"]}}],"collection":[{"href":"https:\/\/mueblesitalianos.com\/site\/wp-json\/wp\/v2\/product"}],"about":[{"href":"https:\/\/mueblesitalianos.com\/site\/wp-json\/wp\/v2\/types\/product"}],"wp:featuredmedia":[{"embeddable":true,"href":"https:\/\/mueblesitalianos.com\/site\/wp-json\/wp\/v2\/media\/3065"}],"wp:attachment":[{"href":"https:\/\/mueblesitalianos.com\/site\/wp-json\/wp\/v2\/media?parent=3064"}],"wp:term":[{"taxonomy":"product_cat","embeddable":true,"href":"https:\/\/mueblesitalianos.com\/site\/wp-json\/wp\/v2\/product_cat?post=3064"},{"taxonomy":"product_tag","embeddable":true,"href":"https:\/\/mueblesitalianos.com\/site\/wp-json\/wp\/v2\/product_tag?post=3064"}],"curies":[{"name":"wp","href":"https:\/\/api.w.org\/{rel}","templated":true}]}}