{"id":3068,"date":"2023-05-04T21:20:37","date_gmt":"2023-05-04T21:20:37","guid":{"rendered":"https:\/\/mueblesitalianos.com\/site\/?post_type=product&#038;p=3068"},"modified":"2023-10-28T03:52:30","modified_gmt":"2023-10-28T03:52:30","slug":"dior-por-christian-dior","status":"publish","type":"product","link":"https:\/\/mueblesitalianos.com\/site\/producto\/dior-por-christian-dior\/","title":{"rendered":"Dior por Christian Dior"},"content":{"rendered":"<p><span>Para celebrar el septuag\u00e9simo aniversario de la fundaci\u00f3n de la casa Dior, llega el primer volumen de una serie dedicada a cada dise\u00f1ador de la casa de alta costura.\u00a0<\/span><em><span>Dior by Christian Dior<\/span><\/em><span>\u00a0es el compendio definitivo de los dise\u00f1os de alta costura m\u00e1s ic\u00f3nicos concebidos por Christian Dior.\u00a0Cuidadosamente conservados en los grandes museos e instituciones del mundo, estos tesoros de la moda han sido fotografiados y compilados exclusivamente para esta colecci\u00f3n indispensable.<\/span><\/p>\n","protected":false},"excerpt":{"rendered":"<p>Cuidadosamente conservados en los grandes museos e instituciones del mundo, estos tesoros de la moda han sido fotografiados y compilados exclusivamente para esta colecci\u00f3n indispensable.<\/p>\n","protected":false},"featured_media":3069,"template":"","meta":{"_joinchat":[]},"product_cat":[90],"product_tag":[],"class_list":{"0":"post-3068","1":"product","2":"type-product","3":"status-publish","4":"has-post-thumbnail","6":"product_cat-assouline","8":"first","9":"instock","10":"shipping-taxable","11":"purchasable","12":"product-type-simple"},"aioseo_notices":[],"_links":{"self":[{"href":"https:\/\/mueblesitalianos.com\/site\/wp-json\/wp\/v2\/product\/3068","targetHints":{"allow":["GET"]}}],"collection":[{"href":"https:\/\/mueblesitalianos.com\/site\/wp-json\/wp\/v2\/product"}],"about":[{"href":"https:\/\/mueblesitalianos.com\/site\/wp-json\/wp\/v2\/types\/product"}],"wp:featuredmedia":[{"embeddable":true,"href":"https:\/\/mueblesitalianos.com\/site\/wp-json\/wp\/v2\/media\/3069"}],"wp:attachment":[{"href":"https:\/\/mueblesitalianos.com\/site\/wp-json\/wp\/v2\/media?parent=3068"}],"wp:term":[{"taxonomy":"product_cat","embeddable":true,"href":"https:\/\/mueblesitalianos.com\/site\/wp-json\/wp\/v2\/product_cat?post=3068"},{"taxonomy":"product_tag","embeddable":true,"href":"https:\/\/mueblesitalianos.com\/site\/wp-json\/wp\/v2\/product_tag?post=3068"}],"curies":[{"name":"wp","href":"https:\/\/api.w.org\/{rel}","templated":true}]}}