{"id":3070,"date":"2023-05-04T21:36:49","date_gmt":"2023-05-04T21:36:49","guid":{"rendered":"https:\/\/mueblesitalianos.com\/site\/?post_type=product&#038;p=3070"},"modified":"2023-10-28T03:53:26","modified_gmt":"2023-10-28T03:53:26","slug":"dior-de-ysl","status":"publish","type":"product","link":"https:\/\/mueblesitalianos.com\/site\/producto\/dior-de-ysl\/","title":{"rendered":"Dior de YSL"},"content":{"rendered":"<p class=\"p1\"><i><span>Dior de Yves Saint Laurent<\/span><\/i><span>\u00a0es el segundo volumen de una serie sin precedentes de libros dedicados a cada dise\u00f1ador de una casa de alta costura, el \u00faltimo compendio de las creaciones de alta costura m\u00e1s memorables concebidas y hechas a mano por la renombrada casa de Dior desde sus inicios.\u00a0Cuidadosamente conservados en los grandes museos e instituciones del mundo, estos tesoros de la moda han sido fotografiados y compilados exclusivamente para esta colecci\u00f3n indispensable.<\/span><\/p>\n<p class=\"p2\"><span>De todas las grandes casas de alta costura parisinas, Dior es quiz\u00e1s la m\u00e1s famosa y prestigiosa del mundo, encarnando la sublime visi\u00f3n de la feminidad de Christian Dior, que Saint Laurent elabor\u00f3 \u200b\u200by evolucion\u00f3 hasta el comienzo de la tumultuosa d\u00e9cada de 1960.<\/span><\/p>\n<p class=\"p2\"><span>Con bellas fotograf\u00edas de Laziz Hamani, este impresionante volumen abarca los dise\u00f1os de alta costura m\u00e1s ic\u00f3nicos de Yves Saint Laurent para la casa Dior, desde la silueta Trap\u00e8ze de su primera colecci\u00f3n primavera-verano 1958 hasta la inspiraci\u00f3n beatnik para el oto\u00f1o-invierno 1960. Estimado periodista de moda Laurence Bena\u00efm relata con elocuencia detalles y an\u00e9cdotas detr\u00e1s de m\u00e1s de 30 piezas seleccionadas, brindando una visi\u00f3n profunda de las inspiraciones, influencias y visi\u00f3n de Saint Laurent para la evoluci\u00f3n de la casa Dior.<\/span><\/p>\n","protected":false},"excerpt":{"rendered":"<p>Con bellas fotograf\u00edas de Laziz Hamani, este impresionante volumen abarca los dise\u00f1os de alta costura m\u00e1s ic\u00f3nicos de Yves Saint Laurent para la casa Dior, desde la silueta Trap\u00e8ze de su primera colecci\u00f3n primavera-verano 1958 hasta la inspiraci\u00f3n beatnik para el oto\u00f1o-invierno 1960.<\/p>\n","protected":false},"featured_media":3071,"template":"","meta":{"_joinchat":[]},"product_cat":[90],"product_tag":[],"class_list":{"0":"post-3070","1":"product","2":"type-product","3":"status-publish","4":"has-post-thumbnail","6":"product_cat-assouline","8":"first","9":"instock","10":"shipping-taxable","11":"purchasable","12":"product-type-simple"},"aioseo_notices":[],"_links":{"self":[{"href":"https:\/\/mueblesitalianos.com\/site\/wp-json\/wp\/v2\/product\/3070","targetHints":{"allow":["GET"]}}],"collection":[{"href":"https:\/\/mueblesitalianos.com\/site\/wp-json\/wp\/v2\/product"}],"about":[{"href":"https:\/\/mueblesitalianos.com\/site\/wp-json\/wp\/v2\/types\/product"}],"wp:featuredmedia":[{"embeddable":true,"href":"https:\/\/mueblesitalianos.com\/site\/wp-json\/wp\/v2\/media\/3071"}],"wp:attachment":[{"href":"https:\/\/mueblesitalianos.com\/site\/wp-json\/wp\/v2\/media?parent=3070"}],"wp:term":[{"taxonomy":"product_cat","embeddable":true,"href":"https:\/\/mueblesitalianos.com\/site\/wp-json\/wp\/v2\/product_cat?post=3070"},{"taxonomy":"product_tag","embeddable":true,"href":"https:\/\/mueblesitalianos.com\/site\/wp-json\/wp\/v2\/product_tag?post=3070"}],"curies":[{"name":"wp","href":"https:\/\/api.w.org\/{rel}","templated":true}]}}