{"id":3074,"date":"2023-05-04T21:43:15","date_gmt":"2023-05-04T21:43:15","guid":{"rendered":"https:\/\/mueblesitalianos.com\/site\/?post_type=product&#038;p=3074"},"modified":"2023-10-28T04:39:26","modified_gmt":"2023-10-28T04:39:26","slug":"dior-de-gianfranco-ferre","status":"publish","type":"product","link":"https:\/\/mueblesitalianos.com\/site\/producto\/dior-de-gianfranco-ferre\/","title":{"rendered":"Dior de Gianfranco Ferr\u00e9"},"content":{"rendered":"<p><span>De todas las grandes casas de alta costura parisinas, Dior es quiz\u00e1s la m\u00e1s famosa y prestigiosa del mundo, encarnando la sublime visi\u00f3n de la feminidad de Christian Dior.\u00a0Siguiendo a Yves Saint Laurent y Marc Bohan, ambos contratados por el propio Christian Dior, el modisto italiano Gianfranco Ferr\u00e9, licenciado en arquitectura por el Polit\u00e9cnico de Mil\u00e1n, fue elegido en 1989 como nuevo director art\u00edstico de la casa Dior.<\/span><\/p>\n<p><span>Las odas de Ferr\u00e9 a la esencia del estilo de Christian Dior ayudaron a cimentar la iconograf\u00eda de la casa para una nueva era.\u00a0Conocido por su sentido de la arquitectura, amor por las siluetas femeninas, extravagancia y opulencia en colores atrevidos y telas suntuosas, y drapeados din\u00e1micos, Ferr\u00e9 redefini\u00f3 la noci\u00f3n de &#8220;Dior&#8221; como un estilo, un c\u00f3digo, un esp\u00edritu.<\/span><\/p>\n<p><span>Este hermoso volumen muestra los dise\u00f1os de alta costura m\u00e1s emblem\u00e1ticos de Gianfranco Ferr\u00e9 para Dior, desde la colecci\u00f3n Ascot\u2013Cecil Beaton de oto\u00f1o-invierno de 1989 hasta la colecci\u00f3n Indian Passion de oto\u00f1o-invierno de 1996. El periodista de moda Alexander Fury explora con elocuencia la visi\u00f3n de Ferr\u00e9 para equilibrar su propio gusto. y el de Christian Dior, reinterpretando el estilo elegante de Dior para los a\u00f1os 90 y una nueva generaci\u00f3n de clientes y observadores de la moda.<\/span><\/p>\n","protected":false},"excerpt":{"rendered":"<p><em><span>Dior de Gianfranco Ferr\u00e9<\/span><\/em><span>es el cuarto volumen de una serie sin precedentes de libros dedicados a cada dise\u00f1ador de la casa Dior, el \u00faltimo compendio de las creaciones de alta costura m\u00e1s memorables concebidas y hechas a mano por la renombrada casa de alta costura desde sus inicios.<\/span><\/p>\n","protected":false},"featured_media":3075,"template":"","meta":{"_joinchat":[]},"product_cat":[90],"product_tag":[],"class_list":{"0":"post-3074","1":"product","2":"type-product","3":"status-publish","4":"has-post-thumbnail","6":"product_cat-assouline","8":"first","9":"instock","10":"shipping-taxable","11":"purchasable","12":"product-type-simple"},"aioseo_notices":[],"_links":{"self":[{"href":"https:\/\/mueblesitalianos.com\/site\/wp-json\/wp\/v2\/product\/3074","targetHints":{"allow":["GET"]}}],"collection":[{"href":"https:\/\/mueblesitalianos.com\/site\/wp-json\/wp\/v2\/product"}],"about":[{"href":"https:\/\/mueblesitalianos.com\/site\/wp-json\/wp\/v2\/types\/product"}],"wp:featuredmedia":[{"embeddable":true,"href":"https:\/\/mueblesitalianos.com\/site\/wp-json\/wp\/v2\/media\/3075"}],"wp:attachment":[{"href":"https:\/\/mueblesitalianos.com\/site\/wp-json\/wp\/v2\/media?parent=3074"}],"wp:term":[{"taxonomy":"product_cat","embeddable":true,"href":"https:\/\/mueblesitalianos.com\/site\/wp-json\/wp\/v2\/product_cat?post=3074"},{"taxonomy":"product_tag","embeddable":true,"href":"https:\/\/mueblesitalianos.com\/site\/wp-json\/wp\/v2\/product_tag?post=3074"}],"curies":[{"name":"wp","href":"https:\/\/api.w.org\/{rel}","templated":true}]}}