{"id":3085,"date":"2023-05-08T17:37:24","date_gmt":"2023-05-08T17:37:24","guid":{"rendered":"https:\/\/mueblesitalianos.com\/site\/?post_type=product&#038;p=3085"},"modified":"2023-10-28T03:54:18","modified_gmt":"2023-10-28T03:54:18","slug":"amalfi-coast","status":"publish","type":"product","link":"https:\/\/mueblesitalianos.com\/site\/producto\/amalfi-coast\/","title":{"rendered":"AMALFI COAST"},"content":{"rendered":"<p>La costa de Amalfi es el pin\u00e1culo del sue\u00f1o italiano. Escondido entre las flores de lim\u00f3n y la buganvilla hay una l\u00ednea de trece ciudades que comprenden la costa de Amalfi. Conocidos por su paisaje vertical, solo se puede acceder a los pueblos a trav\u00e9s de la Strada Statale 163, una ruta estrecha y sinuosa junto a los acantilados que, aunque es inquietante de atravesar, ofrece vistas incomparables. Esta franja m\u00e1gica se une a las monta\u00f1as y al mar Mediterr\u00e1neo de abajo y los estetas de todo el mundo acuden aqu\u00ed a\u00f1o tras a\u00f1o para disfrutar de sus pintorescas playas de guijarros, caminatas pintorescas, clima perfecto y establecimientos legendarios, que no se limitan a hoteles y restaurantes hist\u00f3ricos. Los puntos de referencia desde la Catedral de Amalfi hasta Villa Rufolo en Ravello, todos evocan la cultura y el esp\u00edritu de siglos pasados, y abundan los puntos de referencia de la talla de Jacqueline Kennedy, John Steinbeck y Gore Vidal. Con su caracter\u00edstico limoncello, cultivado y disfrutado localmente, las mejores villas y las impresionantes vistas, la costa de Amalfi es una clase propia.<\/p>\n","protected":false},"excerpt":{"rendered":"<p>La costa de Amalfi es el pin\u00e1culo del sue\u00f1o italiano. Escondido entre las flores de lim\u00f3n y la buganvilla hay una l\u00ednea de trece ciudades que comprenden la costa de Amalfi. <\/p>\n","protected":false},"featured_media":3086,"template":"","meta":{"_joinchat":[]},"product_cat":[90],"product_tag":[],"class_list":{"0":"post-3085","1":"product","2":"type-product","3":"status-publish","4":"has-post-thumbnail","6":"product_cat-assouline","8":"first","9":"instock","10":"shipping-taxable","11":"purchasable","12":"product-type-simple"},"aioseo_notices":[],"_links":{"self":[{"href":"https:\/\/mueblesitalianos.com\/site\/wp-json\/wp\/v2\/product\/3085","targetHints":{"allow":["GET"]}}],"collection":[{"href":"https:\/\/mueblesitalianos.com\/site\/wp-json\/wp\/v2\/product"}],"about":[{"href":"https:\/\/mueblesitalianos.com\/site\/wp-json\/wp\/v2\/types\/product"}],"wp:featuredmedia":[{"embeddable":true,"href":"https:\/\/mueblesitalianos.com\/site\/wp-json\/wp\/v2\/media\/3086"}],"wp:attachment":[{"href":"https:\/\/mueblesitalianos.com\/site\/wp-json\/wp\/v2\/media?parent=3085"}],"wp:term":[{"taxonomy":"product_cat","embeddable":true,"href":"https:\/\/mueblesitalianos.com\/site\/wp-json\/wp\/v2\/product_cat?post=3085"},{"taxonomy":"product_tag","embeddable":true,"href":"https:\/\/mueblesitalianos.com\/site\/wp-json\/wp\/v2\/product_tag?post=3085"}],"curies":[{"name":"wp","href":"https:\/\/api.w.org\/{rel}","templated":true}]}}