{"id":3091,"date":"2023-05-08T17:53:32","date_gmt":"2023-05-08T17:53:32","guid":{"rendered":"https:\/\/mueblesitalianos.com\/site\/?post_type=product&#038;p=3091"},"modified":"2023-10-28T03:54:46","modified_gmt":"2023-10-28T03:54:46","slug":"capri-dolce-vita","status":"publish","type":"product","link":"https:\/\/mueblesitalianos.com\/site\/producto\/capri-dolce-vita\/","title":{"rendered":"CAPRI DOLCE VITA"},"content":{"rendered":"<p>Apreciado por todos, desde el m\u00e9dico Axel Munthe, que recomend\u00f3 su aire limpio a sus pacientes como cura para la bronquitis; hasta el director de cine Jean-Luc Godard como el escenario de su pel\u00edcula de 1963 Desprecio; hasta los iconos literarios, las celebridades, los poetas y el jet set, Capri cuenta con un rico esp\u00edritu y estilo mediterr\u00e1neo que abarca una riqueza de belleza para\u00edso en la tierra.<\/p>\n","protected":false},"excerpt":{"rendered":"<p>Capri, una isla tur\u00edstica que se remonta a la altura del Imperio Romano, ha sido durante mucho tiempo un destino extraordinario lleno de encanto antiguo.<\/p>\n","protected":false},"featured_media":3092,"template":"","meta":{"_joinchat":[]},"product_cat":[90],"product_tag":[],"class_list":{"0":"post-3091","1":"product","2":"type-product","3":"status-publish","4":"has-post-thumbnail","6":"product_cat-assouline","8":"first","9":"instock","10":"shipping-taxable","11":"purchasable","12":"product-type-simple"},"aioseo_notices":[],"_links":{"self":[{"href":"https:\/\/mueblesitalianos.com\/site\/wp-json\/wp\/v2\/product\/3091","targetHints":{"allow":["GET"]}}],"collection":[{"href":"https:\/\/mueblesitalianos.com\/site\/wp-json\/wp\/v2\/product"}],"about":[{"href":"https:\/\/mueblesitalianos.com\/site\/wp-json\/wp\/v2\/types\/product"}],"wp:featuredmedia":[{"embeddable":true,"href":"https:\/\/mueblesitalianos.com\/site\/wp-json\/wp\/v2\/media\/3092"}],"wp:attachment":[{"href":"https:\/\/mueblesitalianos.com\/site\/wp-json\/wp\/v2\/media?parent=3091"}],"wp:term":[{"taxonomy":"product_cat","embeddable":true,"href":"https:\/\/mueblesitalianos.com\/site\/wp-json\/wp\/v2\/product_cat?post=3091"},{"taxonomy":"product_tag","embeddable":true,"href":"https:\/\/mueblesitalianos.com\/site\/wp-json\/wp\/v2\/product_tag?post=3091"}],"curies":[{"name":"wp","href":"https:\/\/api.w.org\/{rel}","templated":true}]}}