{"id":3094,"date":"2023-05-08T17:57:00","date_gmt":"2023-05-08T17:57:00","guid":{"rendered":"https:\/\/mueblesitalianos.com\/site\/?post_type=product&#038;p=3094"},"modified":"2023-10-28T03:55:17","modified_gmt":"2023-10-28T03:55:17","slug":"costa-smeralda","status":"publish","type":"product","link":"https:\/\/mueblesitalianos.com\/site\/producto\/costa-smeralda\/","title":{"rendered":"COSTA SMERALDA"},"content":{"rendered":"<p>En perfecta armon\u00eda con la naturaleza, la Costa Esmeralda surgi\u00f3 del territorio deshabitado y virgen en el extremo noreste de Cerde\u00f1a. Descubriendo el potencial ilimitado de la zona, el pr\u00edncipe Aga Khan y otros asociados interesados se prepararon para desarrollar y transformar la Costa Esmeralda en una escapada exclusiva y de lujo. Los invitados VIP como Marisa Berenson, Roberto y Eva Cavalli, y Naomi Campbell, han sido atra\u00eddos desde entonces, atra\u00eddos por los aromas del enebro mezclados con el spray salado del siempre presente Mediterr\u00e1neo. La abundancia natural de la regi\u00f3n se combina a la perfecci\u00f3n con un estilo arquitect\u00f3nico original que hace de Costa Smeralda un destino verdaderamente \u00fanico.<\/p>\n","protected":false},"excerpt":{"rendered":"<p>En perfecta armon\u00eda con la naturaleza, la Costa Esmeralda surgi\u00f3 del territorio deshabitado y virgen en el extremo noreste de Cerde\u00f1a.<\/p>\n","protected":false},"featured_media":3095,"template":"","meta":{"_joinchat":[]},"product_cat":[90],"product_tag":[],"class_list":{"0":"post-3094","1":"product","2":"type-product","3":"status-publish","4":"has-post-thumbnail","6":"product_cat-assouline","8":"first","9":"instock","10":"shipping-taxable","11":"purchasable","12":"product-type-simple"},"aioseo_notices":[],"_links":{"self":[{"href":"https:\/\/mueblesitalianos.com\/site\/wp-json\/wp\/v2\/product\/3094","targetHints":{"allow":["GET"]}}],"collection":[{"href":"https:\/\/mueblesitalianos.com\/site\/wp-json\/wp\/v2\/product"}],"about":[{"href":"https:\/\/mueblesitalianos.com\/site\/wp-json\/wp\/v2\/types\/product"}],"wp:featuredmedia":[{"embeddable":true,"href":"https:\/\/mueblesitalianos.com\/site\/wp-json\/wp\/v2\/media\/3095"}],"wp:attachment":[{"href":"https:\/\/mueblesitalianos.com\/site\/wp-json\/wp\/v2\/media?parent=3094"}],"wp:term":[{"taxonomy":"product_cat","embeddable":true,"href":"https:\/\/mueblesitalianos.com\/site\/wp-json\/wp\/v2\/product_cat?post=3094"},{"taxonomy":"product_tag","embeddable":true,"href":"https:\/\/mueblesitalianos.com\/site\/wp-json\/wp\/v2\/product_tag?post=3094"}],"curies":[{"name":"wp","href":"https:\/\/api.w.org\/{rel}","templated":true}]}}