{"id":3100,"date":"2023-05-08T18:03:06","date_gmt":"2023-05-08T18:03:06","guid":{"rendered":"https:\/\/mueblesitalianos.com\/site\/?post_type=product&#038;p=3100"},"modified":"2023-10-28T04:00:34","modified_gmt":"2023-10-28T04:00:34","slug":"ibiza-bohemia","status":"publish","type":"product","link":"https:\/\/mueblesitalianos.com\/site\/producto\/ibiza-bohemia\/","title":{"rendered":"IBIZA BOHEMIA"},"content":{"rendered":"<p>Desde la rugiosa vida nocturna hasta tranquilos retiros de yoga, el ambiente hippie-chic de Ibiza es su sello distintivo. Este punto caliente mediterr\u00e1neo por excelencia ha servido como un escape para artistas, creativos y m\u00fasicos por igual durante d\u00e9cadas. Es un lugar para reinventarse, para recorrer la fina l\u00ednea entre la civilizaci\u00f3n y el desierto, y para descubrir la felicidad.<em>Ibiza Bohemia <\/em>explora los pintorescos acantilados baleares de la isla, su legendario elenco de personajes y los interiores arquet\u00edpicos que definen su estilo caracter\u00edstico.<\/p>\n","protected":false},"excerpt":{"rendered":"<p>Desde la rugiosa vida nocturna hasta tranquilos retiros de yoga, el ambiente hippie-chic de Ibiza es su sello distintivo.<\/p>\n","protected":false},"featured_media":3101,"template":"","meta":{"_joinchat":[]},"product_cat":[90],"product_tag":[],"class_list":{"0":"post-3100","1":"product","2":"type-product","3":"status-publish","4":"has-post-thumbnail","6":"product_cat-assouline","8":"first","9":"instock","10":"shipping-taxable","11":"purchasable","12":"product-type-simple"},"aioseo_notices":[],"_links":{"self":[{"href":"https:\/\/mueblesitalianos.com\/site\/wp-json\/wp\/v2\/product\/3100","targetHints":{"allow":["GET"]}}],"collection":[{"href":"https:\/\/mueblesitalianos.com\/site\/wp-json\/wp\/v2\/product"}],"about":[{"href":"https:\/\/mueblesitalianos.com\/site\/wp-json\/wp\/v2\/types\/product"}],"wp:featuredmedia":[{"embeddable":true,"href":"https:\/\/mueblesitalianos.com\/site\/wp-json\/wp\/v2\/media\/3101"}],"wp:attachment":[{"href":"https:\/\/mueblesitalianos.com\/site\/wp-json\/wp\/v2\/media?parent=3100"}],"wp:term":[{"taxonomy":"product_cat","embeddable":true,"href":"https:\/\/mueblesitalianos.com\/site\/wp-json\/wp\/v2\/product_cat?post=3100"},{"taxonomy":"product_tag","embeddable":true,"href":"https:\/\/mueblesitalianos.com\/site\/wp-json\/wp\/v2\/product_tag?post=3100"}],"curies":[{"name":"wp","href":"https:\/\/api.w.org\/{rel}","templated":true}]}}