{"id":3102,"date":"2023-05-08T18:09:34","date_gmt":"2023-05-08T18:09:34","guid":{"rendered":"https:\/\/mueblesitalianos.com\/site\/?post_type=product&#038;p=3102"},"modified":"2023-10-28T04:09:53","modified_gmt":"2023-10-28T04:09:53","slug":"arabian-leopard-classic","status":"publish","type":"product","link":"https:\/\/mueblesitalianos.com\/site\/producto\/arabian-leopard-classic\/","title":{"rendered":"ARABIAN LEOPARD (CLASSIC)"},"content":{"rendered":"<p>Una celebraci\u00f3n de una magn\u00edfica criatura: el leopardo \u00e1rabe (<em>Panthera pardus nimr<\/em>). Esta subespecie tiene caracter\u00edsticas distintivas que son el resultado de miles de a\u00f1os de evoluci\u00f3n, lo que la hace perfectamente adecuada para los desiertos y las monta\u00f1as de Arabia. Un ensayo del conservacionista de la vida silvestre Andrew Spalton traza el \u00e9pico viaje del animal de \u00c1frica a Arabia a lo largo de medio mill\u00f3n de a\u00f1os, destacando su historia y su estado actual y en peligro cr\u00edtico. Las im\u00e1genes del leopardo \u00e1rabe como s\u00edmbolo de fuerza, libertad e intrepidez se han encontrado en el arte rupestre antiguo, mosaicos y pinturas a lo largo de los siglos, consolidando su posici\u00f3n como un animal venerado y respetado en Arabia Saudita y en el mundo.<\/p>\n","protected":false},"excerpt":{"rendered":"<p>Esta subespecie tiene caracter\u00edsticas distintivas que son el resultado de miles de a\u00f1os de evoluci\u00f3n, lo que la hace perfectamente adecuada para los desiertos y las monta\u00f1as de Arabia.<\/p>\n","protected":false},"featured_media":3103,"template":"","meta":{"_joinchat":[]},"product_cat":[90],"product_tag":[],"class_list":{"0":"post-3102","1":"product","2":"type-product","3":"status-publish","4":"has-post-thumbnail","6":"product_cat-assouline","8":"first","9":"instock","10":"shipping-taxable","11":"purchasable","12":"product-type-simple"},"aioseo_notices":[],"_links":{"self":[{"href":"https:\/\/mueblesitalianos.com\/site\/wp-json\/wp\/v2\/product\/3102","targetHints":{"allow":["GET"]}}],"collection":[{"href":"https:\/\/mueblesitalianos.com\/site\/wp-json\/wp\/v2\/product"}],"about":[{"href":"https:\/\/mueblesitalianos.com\/site\/wp-json\/wp\/v2\/types\/product"}],"wp:featuredmedia":[{"embeddable":true,"href":"https:\/\/mueblesitalianos.com\/site\/wp-json\/wp\/v2\/media\/3103"}],"wp:attachment":[{"href":"https:\/\/mueblesitalianos.com\/site\/wp-json\/wp\/v2\/media?parent=3102"}],"wp:term":[{"taxonomy":"product_cat","embeddable":true,"href":"https:\/\/mueblesitalianos.com\/site\/wp-json\/wp\/v2\/product_cat?post=3102"},{"taxonomy":"product_tag","embeddable":true,"href":"https:\/\/mueblesitalianos.com\/site\/wp-json\/wp\/v2\/product_tag?post=3102"}],"curies":[{"name":"wp","href":"https:\/\/api.w.org\/{rel}","templated":true}]}}