{"id":3105,"date":"2023-05-08T18:16:08","date_gmt":"2023-05-08T18:16:08","guid":{"rendered":"https:\/\/mueblesitalianos.com\/site\/?post_type=product&#038;p=3105"},"modified":"2023-10-28T04:11:10","modified_gmt":"2023-10-28T04:11:10","slug":"chic-stays","status":"publish","type":"product","link":"https:\/\/mueblesitalianos.com\/site\/producto\/chic-stays\/","title":{"rendered":"CHIC STAYS"},"content":{"rendered":"<p>Desde el lujoso retiro familiar de Sof\u00eda Coppola en la hermosa Bernalda, Italia, hasta las playas del escondite escoc\u00e9s secreto de Kate Winslet, Eilean Shona, hasta la playa favorita de Kate Moss en las Maldivas, cada uno de estos treinta y seis cuentos personales de los lugares m\u00e1s hermosos del mundo est\u00e1n llenos de an\u00e9cdotas y descripciones l\u00edricas para transportar a los lectores La fotograf\u00eda que se rompe en cada p\u00e1gina, desde las aguas cristalinas y los cielos azules del UXUA Casa Hotel &amp; Spa, hasta las exuberantes laderas de Sri Lanka, hasta los lugares de reuni\u00f3n hipster de Portland, Oreg\u00f3n, se suma al encanto, inspirando un nuevo deseo de descubrir estos queridos rincones del mundo.<\/p>\n","protected":false},"excerpt":{"rendered":"<p>Desde el lujoso retiro familiar de Sof\u00eda Coppola en la hermosa Bernalda, Italia, hasta las playas del escondite escoc\u00e9s secreto de Kate Winslet, Eilean Shona, hasta la playa favorita de Kate Moss en las Maldivas, cada uno de estos treinta y seis cuentos personales de los lugares m\u00e1s hermosos del mundo est\u00e1n llenos de an\u00e9cdotas y descripciones l\u00edricas para transportar a los lectores<\/p>\n","protected":false},"featured_media":3106,"template":"","meta":{"_joinchat":[]},"product_cat":[90],"product_tag":[],"class_list":{"0":"post-3105","1":"product","2":"type-product","3":"status-publish","4":"has-post-thumbnail","6":"product_cat-assouline","8":"first","9":"instock","10":"shipping-taxable","11":"purchasable","12":"product-type-simple"},"aioseo_notices":[],"_links":{"self":[{"href":"https:\/\/mueblesitalianos.com\/site\/wp-json\/wp\/v2\/product\/3105","targetHints":{"allow":["GET"]}}],"collection":[{"href":"https:\/\/mueblesitalianos.com\/site\/wp-json\/wp\/v2\/product"}],"about":[{"href":"https:\/\/mueblesitalianos.com\/site\/wp-json\/wp\/v2\/types\/product"}],"wp:featuredmedia":[{"embeddable":true,"href":"https:\/\/mueblesitalianos.com\/site\/wp-json\/wp\/v2\/media\/3106"}],"wp:attachment":[{"href":"https:\/\/mueblesitalianos.com\/site\/wp-json\/wp\/v2\/media?parent=3105"}],"wp:term":[{"taxonomy":"product_cat","embeddable":true,"href":"https:\/\/mueblesitalianos.com\/site\/wp-json\/wp\/v2\/product_cat?post=3105"},{"taxonomy":"product_tag","embeddable":true,"href":"https:\/\/mueblesitalianos.com\/site\/wp-json\/wp\/v2\/product_tag?post=3105"}],"curies":[{"name":"wp","href":"https:\/\/api.w.org\/{rel}","templated":true}]}}