{"id":3108,"date":"2023-05-08T18:27:22","date_gmt":"2023-05-08T18:27:22","guid":{"rendered":"https:\/\/mueblesitalianos.com\/site\/?post_type=product&#038;p=3108"},"modified":"2023-10-28T04:40:18","modified_gmt":"2023-10-28T04:40:18","slug":"louis-vuitton-manufactures","status":"publish","type":"product","link":"https:\/\/mueblesitalianos.com\/site\/producto\/louis-vuitton-manufactures\/","title":{"rendered":"LOUIS VUITTON MANUFACTURES"},"content":{"rendered":"<p>Louis Vuitton fomenta la idea de que un taller puede ser un lugar de satisfacci\u00f3n e individualidad. Un lugar donde el savoir-faire puede ser aprendido, respetado y transmitido, y la innovaci\u00f3n alimentada, por artesanos que rutinariamente desaf\u00edan la imagen de un taller tradicional. En busca de la experiencia regional y la excelencia artesanal, los talleres de Louis Vuitton abarcan toda Francia y anchura m\u00e1s all\u00e1, desde Ginebra (Suiza), hasta Fiesso d&#8217;Artico (Italia) e incluso Texas (EE. UU.). Los sitios de inter\u00e9s hist\u00f3rico o de belleza natural excepcional a menudo tendr\u00e1n un taller de Louis Vuitton cerca: en Normand\u00eda, la solidez de la gira de mar del Mont-Saint-Michel se puede ver desde el taller de Ducey, y en Beaulieu-sur-Layon, la instalaci\u00f3n inundada de luz promete un bajo impacto ambiental.<\/p>\n","protected":false},"excerpt":{"rendered":"<p>Louis Vuitton fomenta la idea de que un taller puede ser un lugar de satisfacci\u00f3n e individualidad.<\/p>\n","protected":false},"featured_media":3109,"template":"","meta":{"_joinchat":[]},"product_cat":[90],"product_tag":[],"class_list":{"0":"post-3108","1":"product","2":"type-product","3":"status-publish","4":"has-post-thumbnail","6":"product_cat-assouline","8":"first","9":"instock","10":"shipping-taxable","11":"purchasable","12":"product-type-simple"},"aioseo_notices":[],"_links":{"self":[{"href":"https:\/\/mueblesitalianos.com\/site\/wp-json\/wp\/v2\/product\/3108","targetHints":{"allow":["GET"]}}],"collection":[{"href":"https:\/\/mueblesitalianos.com\/site\/wp-json\/wp\/v2\/product"}],"about":[{"href":"https:\/\/mueblesitalianos.com\/site\/wp-json\/wp\/v2\/types\/product"}],"wp:featuredmedia":[{"embeddable":true,"href":"https:\/\/mueblesitalianos.com\/site\/wp-json\/wp\/v2\/media\/3109"}],"wp:attachment":[{"href":"https:\/\/mueblesitalianos.com\/site\/wp-json\/wp\/v2\/media?parent=3108"}],"wp:term":[{"taxonomy":"product_cat","embeddable":true,"href":"https:\/\/mueblesitalianos.com\/site\/wp-json\/wp\/v2\/product_cat?post=3108"},{"taxonomy":"product_tag","embeddable":true,"href":"https:\/\/mueblesitalianos.com\/site\/wp-json\/wp\/v2\/product_tag?post=3108"}],"curies":[{"name":"wp","href":"https:\/\/api.w.org\/{rel}","templated":true}]}}