{"id":3111,"date":"2023-05-08T18:37:00","date_gmt":"2023-05-08T18:37:00","guid":{"rendered":"https:\/\/mueblesitalianos.com\/site\/?post_type=product&#038;p=3111"},"modified":"2023-10-28T04:22:57","modified_gmt":"2023-10-28T04:22:57","slug":"new-york-by-new-york","status":"publish","type":"product","link":"https:\/\/mueblesitalianos.com\/site\/producto\/new-york-by-new-york\/","title":{"rendered":"NEW YORK BY NEW YORK"},"content":{"rendered":"<p>Nueva York es una ciudad cuyo ADN proviene de todo el mundo, un lugar fant\u00e1stico y \u00fanico que pertenece a Estados Unidos, pero no completamente estadounidense. Una personalidad cultural tan fuerte merece un libro, y Martine Assouline presenta este nuevo t\u00edtulo como &#8220;un peque\u00f1o homenaje a la Nueva York que amo&#8221;. Viaja a trav\u00e9s de los per\u00edodos m\u00e1s importantes de esta gran ciudad y a todos sus distritos, desde Manhattan y Brooklyn hasta el Bronx y Queens hasta Staten Island con un vistazo a su historia y el desarrollo de su horizonte de renombre mundial. Descubre historias desde la inmigraci\u00f3n a principios del siglo XX hasta la Prohibici\u00f3n en la d\u00e9cada de 1920 y la revoluci\u00f3n juvenil en los a\u00f1os sesenta. Recuerda los mejores momentos de Broadway y las discotecas del Studio 54; sue\u00f1a con F. Scott Fitzgerald, Truman Capote y Audrey Hepburn o Madonna y Jean- Michel Basquiat.<\/p>\n","protected":false},"excerpt":{"rendered":"<p>Nueva York es una ciudad cuyo ADN proviene de todo el mundo, un lugar fant\u00e1stico y \u00fanico que pertenece a Estados Unidos, pero no completamente estadounidense. Una personalidad cultural tan fuerte merece un libro, y Martine Assouline presenta este nuevo t\u00edtulo como &#8220;un peque\u00f1o homenaje a la Nueva York que amo&#8221;.<\/p>\n","protected":false},"featured_media":3112,"template":"","meta":{"_joinchat":[]},"product_cat":[90],"product_tag":[],"class_list":{"0":"post-3111","1":"product","2":"type-product","3":"status-publish","4":"has-post-thumbnail","6":"product_cat-assouline","8":"first","9":"instock","10":"shipping-taxable","11":"purchasable","12":"product-type-simple"},"aioseo_notices":[],"_links":{"self":[{"href":"https:\/\/mueblesitalianos.com\/site\/wp-json\/wp\/v2\/product\/3111","targetHints":{"allow":["GET"]}}],"collection":[{"href":"https:\/\/mueblesitalianos.com\/site\/wp-json\/wp\/v2\/product"}],"about":[{"href":"https:\/\/mueblesitalianos.com\/site\/wp-json\/wp\/v2\/types\/product"}],"wp:featuredmedia":[{"embeddable":true,"href":"https:\/\/mueblesitalianos.com\/site\/wp-json\/wp\/v2\/media\/3112"}],"wp:attachment":[{"href":"https:\/\/mueblesitalianos.com\/site\/wp-json\/wp\/v2\/media?parent=3111"}],"wp:term":[{"taxonomy":"product_cat","embeddable":true,"href":"https:\/\/mueblesitalianos.com\/site\/wp-json\/wp\/v2\/product_cat?post=3111"},{"taxonomy":"product_tag","embeddable":true,"href":"https:\/\/mueblesitalianos.com\/site\/wp-json\/wp\/v2\/product_tag?post=3111"}],"curies":[{"name":"wp","href":"https:\/\/api.w.org\/{rel}","templated":true}]}}